{"id":754,"date":"2013-03-15T16:10:37","date_gmt":"2013-03-15T16:10:37","guid":{"rendered":"http:\/\/liceocaguas.com\/home2\/?page_id=754"},"modified":"2020-07-16T14:53:06","modified_gmt":"2020-07-16T14:53:06","slug":"enfermeria-practica","status":"publish","type":"page","link":"http:\/\/liceocaguas.com\/home2\/enfermeria-practica\/","title":{"rendered":"Enfermer\u00eda Pr\u00e1ctica"},"content":{"rendered":"<p><a href=\"http:\/\/liceocaguas.com\/home2\/wp-content\/uploads\/2013\/03\/nurse011.jpg\"><img loading=\"lazy\" decoding=\"async\" class=\"alignnone size-full wp-image-775\" src=\"http:\/\/liceocaguas.com\/home2\/wp-content\/uploads\/2013\/03\/nurse011.jpg\" alt=\"nurse01\" width=\"540\" height=\"162\" srcset=\"http:\/\/liceocaguas.com\/home2\/wp-content\/uploads\/2013\/03\/nurse011.jpg 540w, http:\/\/liceocaguas.com\/home2\/wp-content\/uploads\/2013\/03\/nurse011-300x90.jpg 300w\" sizes=\"auto, (max-width: 540px) 100vw, 540px\" \/><\/a><\/p>\n<h2>Enfermer\u00eda Pr\u00e1ctica<\/h2>\n<p style=\"text-align: justify;\">El programa de Enfermer\u00eda Pr\u00e1ctica est\u00e1 dise\u00f1ado para ofrecer al estudiante la teor\u00eda y el conocimiento pr\u00e1ctico que requiere la profesi\u00f3n. Estos conocimientos ayudar\u00e1n a los egresados a realizar con \u00e9xito y cumplir con los requisitos establecidos en los Centros de Salud y Hospitales Modernos.<\/p>\n<p style=\"padding-left: 30px;\">Introducci\u00f3n al estudio de la Enfermer\u00eda<br \/>\nIntroducci\u00f3n a la Nutrici\u00f3n y Dieto-Terapia<br \/>\nEnfermer\u00eda Geri\u00e1trica<br \/>\nIntroducci\u00f3n a la Administraci\u00f3n de Medicamentos<br \/>\nEnfermer\u00eda Pr\u00e1ctica<br \/>\nEnfermer\u00eda M\u00e9dico-Quir\u00fargico<br \/>\nPr\u00e1ctica Externa<br \/>\nRepaso de Rev\u00e1lida<\/p>\n<p>Total de Cr\u00e9ditos: 36<br \/>\nDuraci\u00f3n: 12 Meses<\/p>\n<table border=\"0\" width=\"1\" cellspacing=\"0\" cellpadding=\"0\">\n<tbody>\n<tr>\n<td bgcolor=\"#CCCCCC\">Oportunidades de empleo relacionados<\/td>\n<td bgcolor=\"#CCCCCC\">SOC Code<\/td>\n<td bgcolor=\"#CCCCCC\">Departamento del Trabajo<\/td>\n<\/tr>\n<tr>\n<td>Enfermer\u00eda Pr\u00e1ctica<\/td>\n<td>29-1171-0.00<\/td>\n<td><a href=\"http:\/\/www.onetcodeconnector.org\/ccreport\/29-1171.00\">http:\/\/www.onetcodeconnector.org\/ccreport\/29-1171.00<\/a><\/td>\n<\/tr>\n<\/tbody>\n<\/table>\n<p>Requisitos de Licencia Profesional:<\/p>\n<ul>\n<li>Este programa de estudio <strong><em>requiere<\/em><\/strong> de una licencia profesional para poder ejercer en: Puerto Rico<\/li>\n<li>El programa de estudios cumple con los requisitos acad\u00e9micos para obtener la licencia profesional en: Puerto Rico<\/li>\n<\/ul>\n","protected":false},"excerpt":{"rendered":"<p>Enfermer\u00eda Pr\u00e1ctica El programa de Enfermer\u00eda Pr\u00e1ctica est\u00e1 dise\u00f1ado para ofrecer al estudiante la teor\u00eda y el conocimiento pr\u00e1ctico que requiere la profesi\u00f3n. Estos conocimientos ayudar\u00e1n a los egresados a &hellip; <a href=\"http:\/\/liceocaguas.com\/home2\/enfermeria-practica\/\">Continue reading <span class=\"meta-nav\"><\/span><\/a><\/p>\n","protected":false},"author":1,"featured_media":0,"parent":0,"menu_order":0,"comment_status":"open","ping_status":"open","template":"full-page.php","meta":{"om_disable_all_campaigns":false,"_monsterinsights_skip_tracking":false,"_monsterinsights_sitenote_active":false,"_monsterinsights_sitenote_note":"","_monsterinsights_sitenote_category":0,"footnotes":""},"class_list":["post-754","page","type-page","status-publish","hentry"],"aioseo_notices":[],"jetpack_sharing_enabled":true,"_links":{"self":[{"href":"http:\/\/liceocaguas.com\/home2\/wp-json\/wp\/v2\/pages\/754","targetHints":{"allow":["GET"]}}],"collection":[{"href":"http:\/\/liceocaguas.com\/home2\/wp-json\/wp\/v2\/pages"}],"about":[{"href":"http:\/\/liceocaguas.com\/home2\/wp-json\/wp\/v2\/types\/page"}],"author":[{"embeddable":true,"href":"http:\/\/liceocaguas.com\/home2\/wp-json\/wp\/v2\/users\/1"}],"replies":[{"embeddable":true,"href":"http:\/\/liceocaguas.com\/home2\/wp-json\/wp\/v2\/comments?post=754"}],"version-history":[{"count":28,"href":"http:\/\/liceocaguas.com\/home2\/wp-json\/wp\/v2\/pages\/754\/revisions"}],"predecessor-version":[{"id":4370,"href":"http:\/\/liceocaguas.com\/home2\/wp-json\/wp\/v2\/pages\/754\/revisions\/4370"}],"wp:attachment":[{"href":"http:\/\/liceocaguas.com\/home2\/wp-json\/wp\/v2\/media?parent=754"}],"curies":[{"name":"wp","href":"https:\/\/api.w.org\/{rel}","templated":true}]}}