{"id":56,"date":"2012-06-12T16:58:53","date_gmt":"2012-06-12T16:58:53","guid":{"rendered":"http:\/\/liceocaguas.com\/home2\/?page_id=56"},"modified":"2026-03-12T13:40:14","modified_gmt":"2026-03-12T13:40:14","slug":"documentacion","status":"publish","type":"page","link":"http:\/\/liceocaguas.com\/home2\/documentacion\/","title":{"rendered":"Publicaciones"},"content":{"rendered":"<h1>NETprice Calculator<\/h1>\n<p align=\"justify\">La Calculadora de Precios Netos (NPC) es una herramienta para ser usada por los estudiantes o sus padres para obtener el estimado de lo que puede costar estudiar en Liceo de Arte, Dise\u00f1o y Comercio cada a\u00f1o. Es importante comprender que la informaci\u00f3n que recibimos de la calculadora es un estimado. Muchos factores entran en juego cuando se otorga ayuda econ\u00f3mica a estudiantes los cuales incluyen pero no est\u00e1n limitados a: los plazos, los niveles de ayuda econ\u00f3mica, los niveles de aprovechamiento acad\u00e9mico.<\/p>\n<p align=\"justify\">Para ayuda econ\u00f3mica otorgada, la oficina de Asistencia Econ\u00f3mica crea un costo estimado de asistencia a la instituci\u00f3n para todos los estudiantes. Este costo de asistencia incluye estimados de matr\u00edcula, cuotas, alojamiento y comida, as\u00ed como transporte, suministros y otros gastos. El costo de asistencia es el costo medio basado en costos relacionados con el Liceo de Arte, Dise\u00f1o y Comercio. La calculadora de precio neto presenta un costo promedio de asistencia para el a\u00f1o acad\u00e9mico 2010-2011 y ayuda econ\u00f3mica desde el a\u00f1o acad\u00e9mico 2009-2010.<\/p>\n<p align=\"justify\">NOTA: Favor de leer completamente.<\/p>\n<p align=\"justify\">Yo reconozco que al dar \u201cclick\u201d a continuaci\u00f3n estoy recibiendo un estimado que no representa una determinaci\u00f3n final de Otorgaci\u00f3n de Ayuda Federal o estatal o un costo final exacto. Es un estimado basado en los costos de estudiantes que han estudiado en el Liceo de Arte, Dise\u00f1o y Comercio en a\u00f1os anteriores. El precio de estudiar en instituciones educativas puede variar de a\u00f1o en a\u00f1o. El Secretario de Educaci\u00f3n de los Estado Unidos no es responsable por los aumentos o costos establecidos por las instituciones educativas. Los estudiantes deben completar la solicitud federal (FAFSA) y ser elegible a las ayudas para tener derecho a recibirlas. Para m\u00e1s informaci\u00f3n visite <a href=\"http:\/\/www.fafsa.ed.gov\">http:\/\/www.fafsa.ed.gov<\/a>.<\/p>\n<p align=\"justify\"><a class=\"button-02\" href=\"http:\/\/liceocaguas.com\/calculator\/npcalc.htm\"><span>Para Hacer el c\u00e1lculo de NET PRICE visite haga click en este link.<\/span><\/a><\/p>\n<h1 align=\"justify\">Publicaciones<\/h1>\n<p><a class=\"button-02\" href=\"http:\/\/liceocaguas.com\/home2\/cat_25_26-2\/\"><span>Cat\u00e1logo General \u00a0en PDF<\/span><\/a><br \/><a class=\"button-02\" href=\"http:\/\/liceocaguas.com\/home2\/wp-content\/uploads\/2026\/02\/mpci.pdf\"><span>Manual de Servicios para Estudiantes con Impedimentos (Disability Student Services)<\/span><\/a><br \/><a class=\"button-02\" href=\"http:\/\/liceocaguas.com\/home2\/wp-content\/uploads\/2022\/07\/GUIA-DEL-ESTUDIANTE-CONSUMIDOR-rev-abril-2021-2022.pdf\"><span>Gu\u00eda del Estudiante Consumidor<\/span><\/a><br \/><a class=\"button-02\" href=\"http:\/\/liceocaguas.com\/home2\/wp-content\/uploads\/2022\/07\/POLITICA-Y-REGLAMENTO-Uso-Sustancias-Controladas-2.pdf\"><span>Pol\u00edtica y Reglamento de Sustancias Controladas<\/span><\/a><br \/><a class=\"button-02\" href=\"http:\/\/liceocaguas.com\/home2\/wp-content\/uploads\/2025\/09\/ECS2025.pdf\"><span>Pol\u00edtica de Seguridad en el Campus con Estad\u00edsticas de Incidencia Criminal<\/span><\/a><br \/><a class=\"button-02\" href=\"http:\/\/liceocaguas.com\/home2\/wp-content\/uploads\/2022\/07\/REGLAMENTO_DE_ESTUDIANTES-2022.pdf\"><span>Reglamento del Estudiante<\/span><\/a><br \/><a class=\"button-02\" href=\"http:\/\/liceocaguas.com\/home2\/wp-content\/uploads\/2022\/07\/Ley-Ferpa-003.pdf\"><span>Ley FERPA<\/span><\/a><br \/><a class=\"button-02\" href=\"http:\/\/liceocaguas.com\/home2\/wp-content\/uploads\/2026\/01\/emegency_plan.pdf\"><span>Plan de Contingencia<\/span><\/a><br \/><a class=\"button-02\" href=\"http:\/\/liceocaguas.com\/pdfs\/InvLibros.pdf\"><span>Inventario de libros, Sala de Recursos por Cursos <\/span><\/a><br \/><a class=\"button-02\" href=\"http:\/\/liceocaguas.com\/home2\/wp-content\/uploads\/2022\/07\/Student-Achievement-RatesStudent-Right-to-Know-2022.pdf\"><span>Student Right To Know<\/span><\/a><br \/><a class=\"button-02\" href=\"http:\/\/liceocaguas.com\/home2\/wp-content\/uploads\/2022\/01\/ACCSC-Carta-a-Graduandos.pdf\"><span>ACCSC &#8211; Carta a Graduandos<\/span><\/a><br \/><a class=\"button-02\" href=\"http:\/\/liceocaguas.com\/home2\/wp-content\/uploads\/2022\/01\/ACCSC-Carta-a-Estuduantes-Nuevos.pdf\"><span>ACCSC &#8211; Carta a Estudiantes Nuevos<\/span><\/a><br \/><a class=\"button-02\" href=\"http:\/\/liceocaguas.com\/home2\/wp-content\/uploads\/2022\/01\/ACCSC-Carta-a-Patronos.pdf\"><span>ACCSC &#8211; Carta a Patronos<\/span><\/a><\/p><\/p>\n","protected":false},"excerpt":{"rendered":"<p>NETprice Calculator La Calculadora de Precios Netos (NPC) es una herramienta para ser usada por los estudiantes o sus padres para obtener el estimado de lo que puede costar estudiar &hellip; <a href=\"http:\/\/liceocaguas.com\/home2\/documentacion\/\">Continue reading <span class=\"meta-nav\"><\/span><\/a><\/p>\n","protected":false},"author":1,"featured_media":0,"parent":0,"menu_order":0,"comment_status":"open","ping_status":"open","template":"full-page.php","meta":{"om_disable_all_campaigns":false,"_monsterinsights_skip_tracking":false,"_monsterinsights_sitenote_active":false,"_monsterinsights_sitenote_note":"","_monsterinsights_sitenote_category":0,"footnotes":""},"class_list":["post-56","page","type-page","status-publish","hentry"],"aioseo_notices":[],"jetpack_sharing_enabled":true,"_links":{"self":[{"href":"http:\/\/liceocaguas.com\/home2\/wp-json\/wp\/v2\/pages\/56","targetHints":{"allow":["GET"]}}],"collection":[{"href":"http:\/\/liceocaguas.com\/home2\/wp-json\/wp\/v2\/pages"}],"about":[{"href":"http:\/\/liceocaguas.com\/home2\/wp-json\/wp\/v2\/types\/page"}],"author":[{"embeddable":true,"href":"http:\/\/liceocaguas.com\/home2\/wp-json\/wp\/v2\/users\/1"}],"replies":[{"embeddable":true,"href":"http:\/\/liceocaguas.com\/home2\/wp-json\/wp\/v2\/comments?post=56"}],"version-history":[{"count":84,"href":"http:\/\/liceocaguas.com\/home2\/wp-json\/wp\/v2\/pages\/56\/revisions"}],"predecessor-version":[{"id":26164,"href":"http:\/\/liceocaguas.com\/home2\/wp-json\/wp\/v2\/pages\/56\/revisions\/26164"}],"wp:attachment":[{"href":"http:\/\/liceocaguas.com\/home2\/wp-json\/wp\/v2\/media?parent=56"}],"curies":[{"name":"wp","href":"https:\/\/api.w.org\/{rel}","templated":true}]}}