{"id":532,"date":"2012-11-19T17:46:05","date_gmt":"2012-11-19T17:46:05","guid":{"rendered":"http:\/\/liceocaguas.com\/home2\/?page_id=532"},"modified":"2013-02-25T12:35:48","modified_gmt":"2013-02-25T12:35:48","slug":"admision-cursos-sabatinos","status":"publish","type":"page","link":"http:\/\/liceocaguas.com\/home2\/admision-cursos-sabatinos\/","title":{"rendered":"Admisi\u00f3n \/ Cursos Privados (Sabatinos)"},"content":{"rendered":"<div role=\"form\" class=\"wpcf7\" id=\"wpcf7-f531-o1\" dir=\"ltr\">\n<div class=\"screen-reader-response\">\n<p role=\"status\" aria-live=\"polite\" aria-atomic=\"true\">\n<ul><\/ul>\n<\/div>\n<form action=\"\/home2\/wp-json\/wp\/v2\/pages\/532#wpcf7-f531-o1\" method=\"post\" class=\"wpcf7-form init\" novalidate=\"novalidate\" data-status=\"init\">\n<div style=\"display: none;\">\n<input type=\"hidden\" name=\"_wpcf7\" value=\"531\" \/><br \/>\n<input type=\"hidden\" name=\"_wpcf7_version\" value=\"5.3.2\" \/><br \/>\n<input type=\"hidden\" name=\"_wpcf7_locale\" value=\"\" \/><br \/>\n<input type=\"hidden\" name=\"_wpcf7_unit_tag\" value=\"wpcf7-f531-o1\" \/><br \/>\n<input type=\"hidden\" name=\"_wpcf7_container_post\" value=\"0\" \/><br \/>\n<input type=\"hidden\" name=\"_wpcf7_posted_data_hash\" value=\"\" \/>\n<\/div>\n<p>Nombre y Apellido:<br \/>\n<span class=\"wpcf7-form-control-wrap text-940\"><input type=\"text\" name=\"text-940\" value=\"\" size=\"40\" class=\"wpcf7-form-control wpcf7-text wpcf7-validates-as-required\" aria-required=\"true\" aria-invalid=\"false\" \/><\/span><\/p>\n<p>Direcci\u00f3n Postal:<br \/>\n<span class=\"wpcf7-form-control-wrap text-893\"><input type=\"text\" name=\"text-893\" value=\"\" size=\"40\" class=\"wpcf7-form-control wpcf7-text\" aria-invalid=\"false\" \/><\/span><\/p>\n<p>Pueblo:<br \/>\n<span class=\"wpcf7-form-control-wrap text-273\"><input type=\"text\" name=\"text-273\" value=\"\" size=\"40\" class=\"wpcf7-form-control wpcf7-text\" aria-invalid=\"false\" \/><\/span><\/p>\n<p>Zip:<br \/>\n<span class=\"wpcf7-form-control-wrap text-98\"><input type=\"text\" name=\"text-98\" value=\"\" size=\"5\" maxlength=\"5\" class=\"wpcf7-form-control wpcf7-text\" aria-invalid=\"false\" \/><\/span><\/p>\n<p>e-mail:<br \/>\n<span class=\"wpcf7-form-control-wrap email-164\"><input type=\"email\" name=\"email-164\" value=\"\" size=\"40\" class=\"wpcf7-form-control wpcf7-text wpcf7-email wpcf7-validates-as-required wpcf7-validates-as-email\" aria-required=\"true\" aria-invalid=\"false\" \/><\/span><\/p>\n<p>Tel\u00e9fono:<br \/>\n<span class=\"wpcf7-form-control-wrap text-466\"><input type=\"text\" name=\"text-466\" value=\"\" size=\"40\" class=\"wpcf7-form-control wpcf7-text wpcf7-validates-as-required\" aria-required=\"true\" aria-invalid=\"false\" \/><\/span><\/p>\n<p>Seleccione el programa que deseas:<br \/>\n<span class=\"wpcf7-form-control-wrap menu-865\"><select name=\"menu-865\" class=\"wpcf7-form-control wpcf7-select\" id=\"Escogeuno\" aria-invalid=\"false\"><option value=\"Florister\u00eda\">Florister\u00eda<\/option><option value=\"Coodinaci\u00f3n de eventos sociales\">Coodinaci\u00f3n de eventos sociales<\/option><option value=\"Facturaci\u00f3n y cobro a planes m\u00e9dicos\">Facturaci\u00f3n y cobro a planes m\u00e9dicos<\/option><option value=\"B\u00e1sico de t\u00e9cnico de u\u00f1as\">B\u00e1sico de t\u00e9cnico de u\u00f1as<\/option><option value=\"Maquillaje\">Maquillaje<\/option><\/select><\/span><\/p>\n<p><input type=\"hidden\" name=\"_wpcf7_captcha_challenge_captcha-327\" value=\"479475827\" \/><img loading=\"lazy\" decoding=\"async\" class=\"wpcf7-form-control wpcf7-captchac wpcf7-captcha-captcha-327\" width=\"72\" height=\"24\" alt=\"captcha\" src=\"http:\/\/liceocaguas.com\/home2\/wp-content\/uploads\/wpcf7_captcha\/479475827.png\" \/><br \/>\nEntra el texto de la caja: <span class=\"wpcf7-form-control-wrap captcha-327\"><input type=\"text\" name=\"captcha-327\" value=\"\" size=\"40\" class=\"wpcf7-form-control wpcf7-captchar\" autocomplete=\"off\" aria-invalid=\"false\" \/><\/span><\/p>\n<p><input type=\"submit\" value=\"ENVIAR\" class=\"wpcf7-form-control wpcf7-submit\" id=\"ENVIAR\" \/><\/p>\n<div class=\"wpcf7-response-output\" aria-hidden=\"true\"><\/div>\n<\/form>\n<\/div>\n","protected":false},"excerpt":{"rendered":"","protected":false},"author":1,"featured_media":0,"parent":0,"menu_order":0,"comment_status":"open","ping_status":"open","template":"full-page.php","meta":{"om_disable_all_campaigns":false,"_monsterinsights_skip_tracking":false,"_monsterinsights_sitenote_active":false,"_monsterinsights_sitenote_note":"","_monsterinsights_sitenote_category":0,"footnotes":""},"class_list":["post-532","page","type-page","status-publish","hentry"],"aioseo_notices":[],"jetpack_sharing_enabled":true,"_links":{"self":[{"href":"http:\/\/liceocaguas.com\/home2\/wp-json\/wp\/v2\/pages\/532","targetHints":{"allow":["GET"]}}],"collection":[{"href":"http:\/\/liceocaguas.com\/home2\/wp-json\/wp\/v2\/pages"}],"about":[{"href":"http:\/\/liceocaguas.com\/home2\/wp-json\/wp\/v2\/types\/page"}],"author":[{"embeddable":true,"href":"http:\/\/liceocaguas.com\/home2\/wp-json\/wp\/v2\/users\/1"}],"replies":[{"embeddable":true,"href":"http:\/\/liceocaguas.com\/home2\/wp-json\/wp\/v2\/comments?post=532"}],"version-history":[{"count":5,"href":"http:\/\/liceocaguas.com\/home2\/wp-json\/wp\/v2\/pages\/532\/revisions"}],"predecessor-version":[{"id":723,"href":"http:\/\/liceocaguas.com\/home2\/wp-json\/wp\/v2\/pages\/532\/revisions\/723"}],"wp:attachment":[{"href":"http:\/\/liceocaguas.com\/home2\/wp-json\/wp\/v2\/media?parent=532"}],"curies":[{"name":"wp","href":"https:\/\/api.w.org\/{rel}","templated":true}]}}