{"id":53,"date":"2012-06-12T16:57:36","date_gmt":"2012-06-12T16:57:36","guid":{"rendered":"http:\/\/liceocaguas.com\/home2\/?page_id=53"},"modified":"2013-02-25T12:33:49","modified_gmt":"2013-02-25T12:33:49","slug":"admision","status":"publish","type":"page","link":"http:\/\/liceocaguas.com\/home2\/admision\/","title":{"rendered":"Admisi\u00f3n"},"content":{"rendered":"<p style=\"text-align: justify;\">El proceso de admisi\u00f3n comienza con una entrevista personal por uno de nuestros atentos representantes quien te orientar\u00e1 sobre las diferentes carreras, descripci\u00f3n y duraci\u00f3n del programa, as\u00ed como un recorrido por los laboratorios y las instalaciones. Una vez el estudiante haya tomado esta decisi\u00f3n tan importante, el representante lo guiar\u00e1 a trav\u00e9s de todo el proceso.<\/p>\n<p>Todo estudiante tendr\u00e1 un representante asignado que estar\u00e1 disponible en todo momento durante el proceso de estudio.<\/p>\n<h1>Requisitos de Admisi\u00f3n<\/h1>\n<p>El proceso de admisi\u00f3n es uno f\u00e1cil y sin largas filas. Todo solicitante debe cumplir con los siguientes requisitos antes de ser considerado(a) para admisi\u00f3n.<\/p>\n<ul>\n<li>Transcripci\u00f3n de Cr\u00e9ditos o Copia del Diploma de cuarto a\u00f1o<\/li>\n<li>Certificado de Inmunizaci\u00f3n para solicitantes menores de 21 a\u00f1os<\/li>\n<li>Cuota de Admisi\u00f3n (no reembolsable)<\/li>\n<li>Evidencia de Direcci\u00f3n<\/li>\n<li>Haber sido aconsejado, evaluado, entrevistado y recomendado por un representante de admisiones de la Instituci\u00f3n.<\/li>\n<\/ul>\n<p><a class=\"button-01\" href=\"http:\/\/liceocaguas.com\/home2\/?page_id=267\"><span>ADMISI\u00d3N CURSOS REGULARES<\/span><\/a><\/p>\n<p><a class=\"button-01\" href=\"http:\/\/liceocaguas.com\/home2\/?page_id=532\"><span>ADMISI\u00d3N CURSOS PRIVADOS (SABATINOS)<\/span><\/a><\/p>\n<p>&nbsp;<\/p>\n<p><script type=\"mce-text\/javascript\">\/\/ <![CDATA[\nfunction emf_open_window(url, height, width) { \tvar leftPos = 0; \tvar topPos = 0; \tif (screen) { \t\tleftPos = (screen.width - width) \/ 2; \t\ttopPos = (screen.height - height) \/ 2; \t\twindow.open(url, null, 'width='+width+',height='+height+',left='+leftPos+',top='+topPos+', toolbar=0, location=0, status=1, scrollbars=1, resizable=1'); \t} }\n\/\/ ]]><\/script><\/p>\n","protected":false},"excerpt":{"rendered":"<p>El proceso de admisi\u00f3n comienza con una entrevista personal por uno de nuestros atentos representantes quien te orientar\u00e1 sobre las diferentes carreras, descripci\u00f3n y duraci\u00f3n del programa, as\u00ed como un &hellip; <a href=\"http:\/\/liceocaguas.com\/home2\/admision\/\">Continue reading <span class=\"meta-nav\"><\/span><\/a><\/p>\n","protected":false},"author":1,"featured_media":0,"parent":0,"menu_order":0,"comment_status":"open","ping_status":"open","template":"","meta":{"om_disable_all_campaigns":false,"_monsterinsights_skip_tracking":false,"_monsterinsights_sitenote_active":false,"_monsterinsights_sitenote_note":"","_monsterinsights_sitenote_category":0,"footnotes":""},"class_list":["post-53","page","type-page","status-publish","hentry"],"aioseo_notices":[],"jetpack_sharing_enabled":true,"_links":{"self":[{"href":"http:\/\/liceocaguas.com\/home2\/wp-json\/wp\/v2\/pages\/53","targetHints":{"allow":["GET"]}}],"collection":[{"href":"http:\/\/liceocaguas.com\/home2\/wp-json\/wp\/v2\/pages"}],"about":[{"href":"http:\/\/liceocaguas.com\/home2\/wp-json\/wp\/v2\/types\/page"}],"author":[{"embeddable":true,"href":"http:\/\/liceocaguas.com\/home2\/wp-json\/wp\/v2\/users\/1"}],"replies":[{"embeddable":true,"href":"http:\/\/liceocaguas.com\/home2\/wp-json\/wp\/v2\/comments?post=53"}],"version-history":[{"count":47,"href":"http:\/\/liceocaguas.com\/home2\/wp-json\/wp\/v2\/pages\/53\/revisions"}],"predecessor-version":[{"id":1719,"href":"http:\/\/liceocaguas.com\/home2\/wp-json\/wp\/v2\/pages\/53\/revisions\/1719"}],"wp:attachment":[{"href":"http:\/\/liceocaguas.com\/home2\/wp-json\/wp\/v2\/media?parent=53"}],"curies":[{"name":"wp","href":"https:\/\/api.w.org\/{rel}","templated":true}]}}