{"id":44,"date":"2012-06-12T16:54:02","date_gmt":"2012-06-12T16:54:02","guid":{"rendered":"http:\/\/liceocaguas.com\/home2\/?page_id=44"},"modified":"2020-07-17T12:50:28","modified_gmt":"2020-07-17T12:50:28","slug":"cosmetologia-y-estilismo-avanzado","status":"publish","type":"page","link":"http:\/\/liceocaguas.com\/home2\/cosmetologia-y-estilismo-avanzado\/","title":{"rendered":"Cosmetolog\u00eda y Estilismo Avanzado"},"content":{"rendered":"<h1 style=\"text-align: justify;\"><a href=\"http:\/\/liceocaguas.com\/home2\/wp-content\/uploads\/2012\/06\/featCosmetologiaAvan.jpg\"><img loading=\"lazy\" decoding=\"async\" class=\"alignnone size-full wp-image-118\" title=\"featCosmetologiaAvan\" src=\"http:\/\/liceocaguas.com\/home2\/wp-content\/uploads\/2012\/06\/featCosmetologiaAvan.jpg\" alt=\"\" width=\"540\" height=\"162\" srcset=\"http:\/\/liceocaguas.com\/home2\/wp-content\/uploads\/2012\/06\/featCosmetologiaAvan.jpg 540w, http:\/\/liceocaguas.com\/home2\/wp-content\/uploads\/2012\/06\/featCosmetologiaAvan-300x90.jpg 300w\" sizes=\"auto, (max-width: 540px) 100vw, 540px\" \/><\/a><\/h1>\n<p style=\"text-align: justify;\">Si ya tienes una carrera en el campo de la belleza, te invitamos a que veas nuestro programa de Cosmetolog\u00eda y Estilismo Avanzado. Ven y domina los procesos y t\u00e9cnicas avanzadas en peinado, corte, maquillaje profesional y art\u00edstico, body painting, extensiones, color y laciado entre otros.<\/p>\n<p style=\"padding-left: 30px;\">Imagen Profesional<br \/>\nDise\u00f1o de Peinado Comercial (cabello largo)<br \/>\nEscultura Capilar Avanzada I (damas cabello corto y largo) a navajas<br \/>\nMaquillaje Profesional (Body Painting)<br \/>\nProcesos Qu\u00edmicos Avanzados (lo nuevo en keratina amino\u00e1cido para crear nuevas texturas capilares y laciado)<\/p>\n<p>Total de Cr\u00e9ditos: 24<br \/>\nDuraci\u00f3n Aproximada: 8 meses<\/p>\n<table border=\"0\" width=\"1\" cellspacing=\"0\" cellpadding=\"0\">\n<tbody>\n<tr>\n<td bgcolor=\"#CCCCCC\">Oportunidades de empleo relacionadas<\/td>\n<td bgcolor=\"#CCCCCC\">SOC Code<\/td>\n<td bgcolor=\"#CCCCCC\">Departamento del Trabajo<\/td>\n<\/tr>\n<tr>\n<td>Peluquer\u00edas, Peluquer\u00eda, Cosmetolog\u00eda<\/td>\n<td>39-5012.00<\/td>\n<td><a href=\"http:\/\/www.onetonline.org\/link\/summary\/39-5012.00\">http:\/\/www.onetonline.org\/link\/summary\/39-5012.00<\/a><\/td>\n<\/tr>\n<tr>\n<td>Maquillaje Artistas, Teatro y Performance<\/td>\n<td>39-5091.00<\/td>\n<td><a href=\"http:\/\/www.onetonline.org\/link\/summary\/39-5091.00\">http:\/\/www.onetonline.org\/link\/summary\/39-5091.00<\/a><\/td>\n<\/tr>\n<tr>\n<td>Manicuristas y Pedicuristas<\/td>\n<td>39-5092.00<\/td>\n<td><a href=\"http:\/\/www.onetonline.org\/link\/summary\/39-5092.00\">http:\/\/www.onetonline.org\/link\/summary\/39-5092.00<\/a><\/td>\n<\/tr>\n<\/tbody>\n<\/table>\n<p>Requisitos de Licencia Profesional:<\/p>\n<ul>\n<li>Este programa de estudio <strong><em>no <\/em><\/strong><strong><em>requiere<\/em><\/strong> de una licencia profesional para poder ejercer en: Puerto Rico<\/li>\n<\/ul>\n","protected":false},"excerpt":{"rendered":"<p>Si ya tienes una carrera en el campo de la belleza, te invitamos a que veas nuestro programa de Cosmetolog\u00eda y Estilismo Avanzado. Ven y domina los procesos y t\u00e9cnicas &hellip; <a href=\"http:\/\/liceocaguas.com\/home2\/cosmetologia-y-estilismo-avanzado\/\">Continue reading <span class=\"meta-nav\"><\/span><\/a><\/p>\n","protected":false},"author":1,"featured_media":0,"parent":0,"menu_order":0,"comment_status":"open","ping_status":"open","template":"full-page.php","meta":{"om_disable_all_campaigns":false,"_monsterinsights_skip_tracking":false,"_monsterinsights_sitenote_active":false,"_monsterinsights_sitenote_note":"","_monsterinsights_sitenote_category":0,"footnotes":""},"class_list":["post-44","page","type-page","status-publish","hentry"],"aioseo_notices":[],"jetpack_sharing_enabled":true,"_links":{"self":[{"href":"http:\/\/liceocaguas.com\/home2\/wp-json\/wp\/v2\/pages\/44","targetHints":{"allow":["GET"]}}],"collection":[{"href":"http:\/\/liceocaguas.com\/home2\/wp-json\/wp\/v2\/pages"}],"about":[{"href":"http:\/\/liceocaguas.com\/home2\/wp-json\/wp\/v2\/types\/page"}],"author":[{"embeddable":true,"href":"http:\/\/liceocaguas.com\/home2\/wp-json\/wp\/v2\/users\/1"}],"replies":[{"embeddable":true,"href":"http:\/\/liceocaguas.com\/home2\/wp-json\/wp\/v2\/comments?post=44"}],"version-history":[{"count":40,"href":"http:\/\/liceocaguas.com\/home2\/wp-json\/wp\/v2\/pages\/44\/revisions"}],"predecessor-version":[{"id":4396,"href":"http:\/\/liceocaguas.com\/home2\/wp-json\/wp\/v2\/pages\/44\/revisions\/4396"}],"wp:attachment":[{"href":"http:\/\/liceocaguas.com\/home2\/wp-json\/wp\/v2\/media?parent=44"}],"curies":[{"name":"wp","href":"https:\/\/api.w.org\/{rel}","templated":true}]}}