{"id":4011,"date":"2020-03-21T15:39:02","date_gmt":"2020-03-21T15:39:02","guid":{"rendered":"http:\/\/liceocaguas.com\/home2\/?page_id=4011"},"modified":"2022-10-18T01:10:55","modified_gmt":"2022-10-18T01:10:55","slug":"coronavirus-covid-19","status":"publish","type":"page","link":"http:\/\/liceocaguas.com\/home2\/coronavirus-covid-19\/","title":{"rendered":"Coronavirus (COVID-19)"},"content":{"rendered":"<p>Para el Lico de Arte, Dise\u00f1o y Comercio de Caguas, la salud de todos sus componentes, tanto administrativo como acad\u00e9mico es primordial.<\/p>\n<p>En esta p\u00e1gina estaremos llevando el mensaje a toda nuestra comunidad, de los planes establecidos, y otra informaci\u00f3n valiosa.<\/p>\n<ul>\n<li style=\"list-style-type: none;\">\n<ul>\n<li><a href=\"http:\/\/liceocaguas.com\/home2\/wp-content\/uploads\/2020\/04\/ayuda_cares.pdf\" target=\"_blank\" rel=\"noopener\">PROGRAMA DE AYUDA:\u00a0\u201cFEDERAL ECONOMIC RELIEF PACKAGE (CARES) ACT\u201d<\/a><\/li>\n<li><a href=\"http:\/\/liceocaguas.com\/home2\/wp-content\/uploads\/2020\/04\/protocolo_coronavirus.pdf\" target=\"_blank\" rel=\"noopener\">PROTOCOLO PARA AFRONTAR LA PANDEMIA DEL CORONAVIRUS \u00a0COVID-19<\/a><\/li>\n<li><a href=\"http:\/\/liceocaguas.com\/home2\/wp-content\/uploads\/2020\/03\/stop_germs.pdf\" target=\"_blank\" rel=\"noopener\">PREVENCI\u00d3N\u00a0DE LA PROPAGACI\u00d3N DE LOS MICROBIOS<\/a><\/li>\n<li><a href=\"http:\/\/liceocaguas.com\/home2\/wp-content\/uploads\/2020\/07\/LICEO-CARES-Act-Uso-de-Fondos.Reporte-de-30-d\u00edas.pdf\" target=\"_blank\" rel=\"noopener\">REPORTE DE USO DE FONDOS DEL CARES ACT\u00a0<\/a><\/li>\n<li><a href=\"http:\/\/liceocaguas.com\/home2\/wp-content\/uploads\/2020\/08\/reporte_cares_uso_45.pdf\" target=\"_blank\" rel=\"noopener\">REPORTE DE USO DE FONDOS DEL CARES ACT (45 DIAS)<\/a><\/li>\n<li><a href=\"http:\/\/liceocaguas.com\/home2\/wp-content\/uploads\/2020\/10\/reporte_uso_cares_fase2.pdf\" target=\"_blank\" rel=\"noopener\">REPORTE DE USO DE FONDOS DEL CARES ACT (FASE 2)<\/a><\/li>\n<li><a href=\"http:\/\/liceocaguas.com\/home2\/wp-content\/uploads\/2020\/10\/Quartely_Budget_Cares_Act_Institutional_Portion.pdf\" target=\"_blank\" rel=\"noopener\">QUARTERLY BUDGET CARES ACT INSTITUTIONAL PORTION<\/a><\/li>\n<li><a href=\"http:\/\/liceocaguas.com\/home2\/wp-content\/uploads\/2020\/12\/CARES_ACT_-DICIEMBRE-2020.pdf\" target=\"_blank\" rel=\"noopener\">REPORTE DE USO DE FONDOS DEL CARES ACT (FASE 3)<\/a><\/li>\n<li><a href=\"http:\/\/liceocaguas.com\/home2\/wp-content\/uploads\/2021\/02\/CARES_31_DEC.pdf\" target=\"_blank\" rel=\"noopener\">REPORTE DE USO DE FONDOS DEL CARES ACT (DEC 31)<\/a><\/li>\n<li><a href=\"http:\/\/liceocaguas.com\/home2\/wp-content\/uploads\/2021\/04\/cares_december_2020.pdf\" target=\"_blank\" rel=\"noopener\">REPORTE DE USO DE FONDOS DEL CARES ACT (DICIEMBRE 2020)<\/a><\/li>\n<li><a href=\"http:\/\/liceocaguas.com\/home2\/wp-content\/uploads\/2021\/07\/CARES_ENERO_2021.pdf\" target=\"_blank\" rel=\"noopener\">REPORTE DE USO DE FONDOS DEL CARES ACT (ENERO 2021)<\/a><\/li>\n<li><a href=\"http:\/\/liceocaguas.com\/home2\/wp-content\/uploads\/2021\/04\/cares1Q2021.pdf\" target=\"_blank\" rel=\"noopener\">REPORTE DE USO DE FONDOS DEL CARES ACT (FIRST QUATERLY 2021)<\/a><\/li>\n<li><a href=\"http:\/\/liceocaguas.com\/home2\/wp-content\/uploads\/2021\/07\/LICEO-CARES-HEERF-II-HEERF-III-Junio-30-2021.pdf\" target=\"_blank\" rel=\"noopener\">LICEO CARES HEERF II &amp; HEERF III JUNIO 30, 2021<\/a><\/li>\n<li><a href=\"http:\/\/liceocaguas.com\/home2\/wp-content\/uploads\/2021\/07\/CARESACT-REPORT-6-30-21-CORRE.pdf\" target=\"_blank\" rel=\"noopener\">REPORTE DE USO DE FONDOS DEL CARES ACT (SECOND QUATERLY REPORT)<\/a><\/li>\n<li><a href=\"http:\/\/liceocaguas.com\/home2\/wp-content\/uploads\/2022\/01\/LICEO-CARES-HEERF-III-Sept-30-2021.pdf\" target=\"_blank\" rel=\"noopener\">LICEO CARES HEERF II &amp; HEERF III SEPTIEMBRE 30, 2021<\/a><\/li>\n<li><a href=\"http:\/\/liceocaguas.com\/home2\/wp-content\/uploads\/2022\/04\/LICEO-CARES-HEERF-II-HEERF-III-DIC-31-2021-002-1.pdf\">LICEO CARES HEERF II &amp; HEERF III DICIEMBRE 31, 2021<\/a><\/li>\n<li><a href=\"http:\/\/liceocaguas.com\/home2\/wp-content\/uploads\/2022\/04\/LICEO-CARES-HEERF-II-HEERF-III-MARCH-31-2022.pdf\" target=\"_blank\" rel=\"noopener\">LICEO CARES HEERF II &amp; HEERF III MARZO 31, 2022<\/a><\/li>\n<li><a href=\"http:\/\/liceocaguas.com\/home2\/wp-content\/uploads\/2022\/07\/03025900_HEERS_Q22022_07102022.pdf\" target=\"_blank\" rel=\"noopener\">LICEO CARES HEERF II &amp; HEERF III JUNIO 30, 2022<\/a><\/li>\n<li><a href=\"http:\/\/liceocaguas.com\/home2\/wp-content\/uploads\/2022\/10\/Sept_2022_HEERF_Quarterly_Reporting_Form.pdf\" target=\"_blank\" rel=\"noopener\">LICEO CARES HEERF II &amp; HEERF III SEPTIEMBRE 30, 2022<\/a><\/li>\n<\/ul>\n<\/li>\n<\/ul>\n","protected":false},"excerpt":{"rendered":"<p>Para el Lico de Arte, Dise\u00f1o y Comercio de Caguas, la salud de todos sus componentes, tanto administrativo como acad\u00e9mico es primordial. En esta p\u00e1gina estaremos llevando el mensaje a &hellip; <a href=\"http:\/\/liceocaguas.com\/home2\/coronavirus-covid-19\/\">Continue reading <span class=\"meta-nav\"><\/span><\/a><\/p>\n","protected":false},"author":1,"featured_media":0,"parent":0,"menu_order":0,"comment_status":"closed","ping_status":"closed","template":"","meta":{"om_disable_all_campaigns":false,"_monsterinsights_skip_tracking":false,"_monsterinsights_sitenote_active":false,"_monsterinsights_sitenote_note":"","_monsterinsights_sitenote_category":0,"footnotes":""},"class_list":["post-4011","page","type-page","status-publish","hentry"],"aioseo_notices":[],"jetpack_sharing_enabled":true,"_links":{"self":[{"href":"http:\/\/liceocaguas.com\/home2\/wp-json\/wp\/v2\/pages\/4011","targetHints":{"allow":["GET"]}}],"collection":[{"href":"http:\/\/liceocaguas.com\/home2\/wp-json\/wp\/v2\/pages"}],"about":[{"href":"http:\/\/liceocaguas.com\/home2\/wp-json\/wp\/v2\/types\/page"}],"author":[{"embeddable":true,"href":"http:\/\/liceocaguas.com\/home2\/wp-json\/wp\/v2\/users\/1"}],"replies":[{"embeddable":true,"href":"http:\/\/liceocaguas.com\/home2\/wp-json\/wp\/v2\/comments?post=4011"}],"version-history":[{"count":27,"href":"http:\/\/liceocaguas.com\/home2\/wp-json\/wp\/v2\/pages\/4011\/revisions"}],"predecessor-version":[{"id":19618,"href":"http:\/\/liceocaguas.com\/home2\/wp-json\/wp\/v2\/pages\/4011\/revisions\/19618"}],"wp:attachment":[{"href":"http:\/\/liceocaguas.com\/home2\/wp-json\/wp\/v2\/media?parent=4011"}],"curies":[{"name":"wp","href":"https:\/\/api.w.org\/{rel}","templated":true}]}}