{"id":40,"date":"2012-06-12T16:52:58","date_gmt":"2012-06-12T16:52:58","guid":{"rendered":"http:\/\/liceocaguas.com\/home2\/?page_id=40"},"modified":"2020-07-17T12:49:43","modified_gmt":"2020-07-17T12:49:43","slug":"tecnico-de-unas","status":"publish","type":"page","link":"http:\/\/liceocaguas.com\/home2\/tecnico-de-unas\/","title":{"rendered":"T\u00e9cnico de U\u00f1as"},"content":{"rendered":"<h1 style=\"text-align: justify;\"><a href=\"http:\/\/liceocaguas.com\/home2\/wp-content\/uploads\/2012\/06\/featUnas.jpg\"><img loading=\"lazy\" decoding=\"async\" class=\"alignnone size-full wp-image-115\" title=\"featUnas\" src=\"http:\/\/liceocaguas.com\/home2\/wp-content\/uploads\/2012\/06\/featUnas.jpg\" alt=\"\" width=\"540\" height=\"162\" srcset=\"http:\/\/liceocaguas.com\/home2\/wp-content\/uploads\/2012\/06\/featUnas.jpg 540w, http:\/\/liceocaguas.com\/home2\/wp-content\/uploads\/2012\/06\/featUnas-300x90.jpg 300w\" sizes=\"auto, (max-width: 540px) 100vw, 540px\" \/><\/a><\/h1>\n<p>Desarrolla tu talento creativo al m\u00e1ximo. Aprende sobre el cuidado, tratamiento y creaci\u00f3n de las nuevas tendencias en u\u00f1as. T\u00e9cnico de U\u00f1as una carrera lucrativa que completas en solo ocho meses. La carrera incluye:<\/p>\n<p style=\"padding-left: 30px;\">Anatom\u00eda y Fisiolog\u00eda de Manos y Pies<br \/>\nLas U\u00f1as y sus Des\u00f3rdenes<br \/>\nU\u00f1as Artificiales con Extensi\u00f3n<br \/>\nManicura, Pedicura y Masajes<br \/>\nU\u00f1as de Gelatina y Esculturales<br \/>\nMantenimiento de U\u00f1as Artificiales<br \/>\nDise\u00f1o de U\u00f1as<\/p>\n<p>Total de Cr\u00e9ditos: 24<br \/>\nDuraci\u00f3n Aproximada: 8 meses<\/p>\n<table border=\"0\" width=\"647\" cellspacing=\"0\" cellpadding=\"0\">\n<tbody>\n<tr>\n<td bgcolor=\"#CCCCCC\" width=\"186\">Oportunidades de empleo relacionadas<\/td>\n<td bgcolor=\"#CCCCCC\" width=\"121\">SOC Code<\/td>\n<td bgcolor=\"#CCCCCC\" width=\"340\">Departamento del Trabajo<\/td>\n<\/tr>\n<tr>\n<td>Tecnolog\u00eda de U\u00f1as<\/td>\n<td>39-5094.0.00<\/td>\n<td><a href=\"http:\/\/www.onetonline.org\/link\/summary\/39-5092-00\">http:\/\/www.onetonline.org\/link\/summary\/39-5092-00<\/a><\/td>\n<\/tr>\n<\/tbody>\n<\/table>\n<p>Requisitos de Licencia Profesional:<\/p>\n<ul>\n<li>Este programa de estudio <strong><em>requiere<\/em><\/strong> de una licencia profesional para poder ejercer en: Puerto Rico<\/li>\n<li>El programa de estudios cumple con los requisitos acad\u00e9micos para obtener la licencia profesional en: Puerto Rico<\/li>\n<\/ul>\n","protected":false},"excerpt":{"rendered":"<p>Desarrolla tu talento creativo al m\u00e1ximo. Aprende sobre el cuidado, tratamiento y creaci\u00f3n de las nuevas tendencias en u\u00f1as. T\u00e9cnico de U\u00f1as una carrera lucrativa que completas en solo ocho &hellip; <a href=\"http:\/\/liceocaguas.com\/home2\/tecnico-de-unas\/\">Continue reading <span class=\"meta-nav\"><\/span><\/a><\/p>\n","protected":false},"author":1,"featured_media":0,"parent":0,"menu_order":0,"comment_status":"open","ping_status":"open","template":"full-page.php","meta":{"om_disable_all_campaigns":false,"_monsterinsights_skip_tracking":false,"_monsterinsights_sitenote_active":false,"_monsterinsights_sitenote_note":"","_monsterinsights_sitenote_category":0,"footnotes":""},"class_list":["post-40","page","type-page","status-publish","hentry"],"aioseo_notices":[],"jetpack_sharing_enabled":true,"_links":{"self":[{"href":"http:\/\/liceocaguas.com\/home2\/wp-json\/wp\/v2\/pages\/40","targetHints":{"allow":["GET"]}}],"collection":[{"href":"http:\/\/liceocaguas.com\/home2\/wp-json\/wp\/v2\/pages"}],"about":[{"href":"http:\/\/liceocaguas.com\/home2\/wp-json\/wp\/v2\/types\/page"}],"author":[{"embeddable":true,"href":"http:\/\/liceocaguas.com\/home2\/wp-json\/wp\/v2\/users\/1"}],"replies":[{"embeddable":true,"href":"http:\/\/liceocaguas.com\/home2\/wp-json\/wp\/v2\/comments?post=40"}],"version-history":[{"count":25,"href":"http:\/\/liceocaguas.com\/home2\/wp-json\/wp\/v2\/pages\/40\/revisions"}],"predecessor-version":[{"id":4395,"href":"http:\/\/liceocaguas.com\/home2\/wp-json\/wp\/v2\/pages\/40\/revisions\/4395"}],"wp:attachment":[{"href":"http:\/\/liceocaguas.com\/home2\/wp-json\/wp\/v2\/media?parent=40"}],"curies":[{"name":"wp","href":"https:\/\/api.w.org\/{rel}","templated":true}]}}