{"id":33,"date":"2012-06-12T16:22:25","date_gmt":"2012-06-12T16:22:25","guid":{"rendered":"http:\/\/liceocaguas.com\/home2\/?page_id=33"},"modified":"2020-07-17T12:47:42","modified_gmt":"2020-07-17T12:47:42","slug":"alta-costura","status":"publish","type":"page","link":"http:\/\/liceocaguas.com\/home2\/alta-costura\/","title":{"rendered":"Alta Costura"},"content":{"rendered":"<p><a href=\"http:\/\/liceocaguas.com\/home2\/wp-content\/uploads\/2012\/06\/featAltaCostura.jpg\"><img loading=\"lazy\" decoding=\"async\" class=\"alignnone size-full wp-image-89\" title=\"featAltaCostura\" src=\"http:\/\/liceocaguas.com\/home2\/wp-content\/uploads\/2012\/06\/featAltaCostura.jpg\" alt=\"\" width=\"540\" height=\"162\" srcset=\"http:\/\/liceocaguas.com\/home2\/wp-content\/uploads\/2012\/06\/featAltaCostura.jpg 540w, http:\/\/liceocaguas.com\/home2\/wp-content\/uploads\/2012\/06\/featAltaCostura-300x90.jpg 300w\" sizes=\"auto, (max-width: 540px) 100vw, 540px\" \/><\/a><\/p>\n<p style=\"text-align: justify;\">En esta sociedad tan competitiva, las intensas actividades festivas, eventos de \u00edndole social y familiar son escenario perfecto para el dise\u00f1o y confecci\u00f3n de trajes de vestir de acuerdo a nuestros clientes, ya que son piezas exclusivas, complaciendo el gusto de cada uno de ellos. Por ser \u00fanicas, juegan un papel importante en el mundo de los negocios ya que es muy bien remunerado. La carrera incluye:<\/p>\n<p style=\"padding-left: 30px;\">Confecci\u00f3n de Ropa Casual<br \/>\nLaboratorio de Patr\u00f3n Personalizado y Transformaci\u00f3n<br \/>\nLaboratorio de Confecci\u00f3n de Alta Costura<br \/>\nDise\u00f1o de Patrones<br \/>\nTextiles, Fibras y Tejidos<br \/>\nProyecto Final, Trajes de Desfile<\/p>\n<p>Total de Cr\u00e9ditos: 48<br \/>\nDuraci\u00f3n: 16 meses<\/p>\n<table border=\"0\" width=\"1\" cellspacing=\"0\" cellpadding=\"0\">\n<tbody>\n<tr>\n<td bgcolor=\"#CCCCCC\">Oportunidades de empleo relacionadas<\/td>\n<td bgcolor=\"#CCCCCC\">SOC Code<\/td>\n<td bgcolor=\"#CCCCCC\">Departamento del Trabajo<\/td>\n<\/tr>\n<tr>\n<td>Alta Costura<\/td>\n<td>51.6052.00<\/td>\n<td><a href=\"http:\/\/www.onetonline.org\/link\/summary\/51-6052.00\">http:\/\/www.onetonline.org\/link\/summary\/51-6052.00<\/a><\/td>\n<\/tr>\n<\/tbody>\n<\/table>\n<p>Requisitos de Licencia Profesional:<\/p>\n<ul>\n<li>Este programa de estudio <strong><em>no <\/em><\/strong><strong><em>requiere<\/em><\/strong> de una licencia profesional para poder ejercer en: Puerto Rico<\/li>\n<\/ul>\n","protected":false},"excerpt":{"rendered":"<p>En esta sociedad tan competitiva, las intensas actividades festivas, eventos de \u00edndole social y familiar son escenario perfecto para el dise\u00f1o y confecci\u00f3n de trajes de vestir de acuerdo a &hellip; <a href=\"http:\/\/liceocaguas.com\/home2\/alta-costura\/\">Continue reading <span class=\"meta-nav\"><\/span><\/a><\/p>\n","protected":false},"author":1,"featured_media":0,"parent":0,"menu_order":0,"comment_status":"open","ping_status":"open","template":"full-page.php","meta":{"om_disable_all_campaigns":false,"_monsterinsights_skip_tracking":false,"_monsterinsights_sitenote_active":false,"_monsterinsights_sitenote_note":"","_monsterinsights_sitenote_category":0,"footnotes":""},"class_list":["post-33","page","type-page","status-publish","hentry"],"aioseo_notices":[],"jetpack_sharing_enabled":true,"_links":{"self":[{"href":"http:\/\/liceocaguas.com\/home2\/wp-json\/wp\/v2\/pages\/33","targetHints":{"allow":["GET"]}}],"collection":[{"href":"http:\/\/liceocaguas.com\/home2\/wp-json\/wp\/v2\/pages"}],"about":[{"href":"http:\/\/liceocaguas.com\/home2\/wp-json\/wp\/v2\/types\/page"}],"author":[{"embeddable":true,"href":"http:\/\/liceocaguas.com\/home2\/wp-json\/wp\/v2\/users\/1"}],"replies":[{"embeddable":true,"href":"http:\/\/liceocaguas.com\/home2\/wp-json\/wp\/v2\/comments?post=33"}],"version-history":[{"count":38,"href":"http:\/\/liceocaguas.com\/home2\/wp-json\/wp\/v2\/pages\/33\/revisions"}],"predecessor-version":[{"id":4393,"href":"http:\/\/liceocaguas.com\/home2\/wp-json\/wp\/v2\/pages\/33\/revisions\/4393"}],"wp:attachment":[{"href":"http:\/\/liceocaguas.com\/home2\/wp-json\/wp\/v2\/media?parent=33"}],"curies":[{"name":"wp","href":"https:\/\/api.w.org\/{rel}","templated":true}]}}