{"id":27,"date":"2012-06-12T16:20:43","date_gmt":"2012-06-12T16:20:43","guid":{"rendered":"http:\/\/liceocaguas.com\/home2\/?page_id=27"},"modified":"2020-07-17T12:46:16","modified_gmt":"2020-07-17T12:46:16","slug":"asistente-administrativo","status":"publish","type":"page","link":"http:\/\/liceocaguas.com\/home2\/asistente-administrativo\/","title":{"rendered":"Asistente Administrativo"},"content":{"rendered":"<h1><a href=\"http:\/\/liceocaguas.com\/home2\/wp-content\/uploads\/2012\/06\/featAsistente.jpg\"><img loading=\"lazy\" decoding=\"async\" class=\"alignnone size-full wp-image-142\" title=\"featAsistente\" src=\"http:\/\/liceocaguas.com\/home2\/wp-content\/uploads\/2012\/06\/featAsistente.jpg\" alt=\"\" width=\"540\" height=\"162\" srcset=\"http:\/\/liceocaguas.com\/home2\/wp-content\/uploads\/2012\/06\/featAsistente.jpg 540w, http:\/\/liceocaguas.com\/home2\/wp-content\/uploads\/2012\/06\/featAsistente-300x90.jpg 300w\" sizes=\"auto, (max-width: 540px) 100vw, 540px\" \/><\/a><\/h1>\n<p><b>ASISTENTE ADMINISTRATIVO CON FACTURACI\u00d3N Y COBRO A PLANES M\u00c9DICOS<\/b><\/p>\n<p>Nuestro programa te capacita para desempe\u00f1ar tareas relacionadas a una oficina moderna. Se recalca la perfecci\u00f3n en el uso del vocabulario, ortograf\u00eda, puntuaci\u00f3n y correcci\u00f3n de documentos. Los conocimientos y destrezas t\u00e9cnicas que adquieres contribuyen a tu formaci\u00f3n como profesional; con actitudes positivas que te permitan enfrentarte efectivamente al mundo laboral. Adem\u00e1s te prepararemos en la facturaci\u00f3n y cobro de planes m\u00e9dicos.<\/p>\n<p style=\"padding-left: 30px;\">Preparar de documentos en Programas Computadorizados (Microsoft Office 2010)<br \/>\nProducci\u00f3n y Administraci\u00f3n de Documentos<br \/>\nFacturaci\u00f3n Electr\u00f3nica<br \/>\nCodificaci\u00f3n ICD9-CPT<br \/>\nLey HIPAA y sus Aplicaciones<br \/>\nPr\u00e1ctica en un Centro Real de Trabajo<\/p>\n<p>Total de Cr\u00e9ditos: 36<br \/>\nDuraci\u00f3n: 12 meses<\/p>\n<table border=\"0\" width=\"544\" cellspacing=\"0\" cellpadding=\"0\">\n<tbody>\n<tr>\n<td bgcolor=\"#CCCCCC\" width=\"197\"><span class=\"style7\">Oportunidades de empleo relacionadas<\/span><\/td>\n<td bgcolor=\"#CCCCCC\" width=\"72\"><span class=\"style7\">SOC Code<\/span><\/td>\n<td bgcolor=\"#CCCCCC\" width=\"275\"><span class=\"style7\">Departamento del Trabajo<\/span><\/td>\n<\/tr>\n<tr>\n<td><span class=\"style7\">Secretarial M\u00e9dico<\/span><\/td>\n<td><span class=\"style7\">43-6013.00<\/span><\/td>\n<td><a href=\"http:\/\/www.onetonline.org\/link\/summary\/43-6013.00\">http:\/\/www.onetonline.org\/link\/summary\/43-6013.00<\/a><\/td>\n<\/tr>\n<tr>\n<td><span class=\"style7\">Procesadores y Mecan\u00f3grafos<\/span><\/td>\n<td><span class=\"style7\">43-9022.00<\/span><\/td>\n<td><a href=\"http:\/\/www.onetonline.org\/link\/summary\/43-9022.00\">http:\/\/www.onetonline.org\/link\/summary\/43-9022.00<\/a><\/td>\n<\/tr>\n<\/tbody>\n<\/table>\n<p>Los costos de los programas no incluyen los $25.00 de la cuota de admisi\u00f3n no rembolsable.<\/p>\n<p>Requisitos de Licencia Profesional:<\/p>\n<ul>\n<li>Este programa de estudio <strong><em>no <\/em><\/strong><strong><em>requiere<\/em><\/strong> de una licencia profesional para poder ejercer en: Puerto Rico<\/li>\n<\/ul>\n","protected":false},"excerpt":{"rendered":"<p>ASISTENTE ADMINISTRATIVO CON FACTURACI\u00d3N Y COBRO A PLANES M\u00c9DICOS Nuestro programa te capacita para desempe\u00f1ar tareas relacionadas a una oficina moderna. Se recalca la perfecci\u00f3n en el uso del vocabulario, &hellip; <a href=\"http:\/\/liceocaguas.com\/home2\/asistente-administrativo\/\">Continue reading <span class=\"meta-nav\"><\/span><\/a><\/p>\n","protected":false},"author":1,"featured_media":0,"parent":0,"menu_order":0,"comment_status":"open","ping_status":"open","template":"full-page.php","meta":{"om_disable_all_campaigns":false,"_monsterinsights_skip_tracking":false,"_monsterinsights_sitenote_active":false,"_monsterinsights_sitenote_note":"","_monsterinsights_sitenote_category":0,"footnotes":""},"class_list":["post-27","page","type-page","status-publish","hentry"],"aioseo_notices":[],"jetpack_sharing_enabled":true,"_links":{"self":[{"href":"http:\/\/liceocaguas.com\/home2\/wp-json\/wp\/v2\/pages\/27","targetHints":{"allow":["GET"]}}],"collection":[{"href":"http:\/\/liceocaguas.com\/home2\/wp-json\/wp\/v2\/pages"}],"about":[{"href":"http:\/\/liceocaguas.com\/home2\/wp-json\/wp\/v2\/types\/page"}],"author":[{"embeddable":true,"href":"http:\/\/liceocaguas.com\/home2\/wp-json\/wp\/v2\/users\/1"}],"replies":[{"embeddable":true,"href":"http:\/\/liceocaguas.com\/home2\/wp-json\/wp\/v2\/comments?post=27"}],"version-history":[{"count":37,"href":"http:\/\/liceocaguas.com\/home2\/wp-json\/wp\/v2\/pages\/27\/revisions"}],"predecessor-version":[{"id":4391,"href":"http:\/\/liceocaguas.com\/home2\/wp-json\/wp\/v2\/pages\/27\/revisions\/4391"}],"wp:attachment":[{"href":"http:\/\/liceocaguas.com\/home2\/wp-json\/wp\/v2\/media?parent=27"}],"curies":[{"name":"wp","href":"https:\/\/api.w.org\/{rel}","templated":true}]}}