{"id":23,"date":"2012-06-12T15:49:18","date_gmt":"2012-06-12T15:49:18","guid":{"rendered":"http:\/\/liceocaguas.com\/home2\/?page_id=23"},"modified":"2021-11-10T16:10:35","modified_gmt":"2021-11-10T16:10:35","slug":"programas","status":"publish","type":"page","link":"http:\/\/liceocaguas.com\/home2\/programas\/","title":{"rendered":"Programas"},"content":{"rendered":"<h1><a href=\"http:\/\/liceocaguas.com\/home2\/wp-content\/uploads\/2012\/06\/featBuildingBanner.jpg\"><img loading=\"lazy\" decoding=\"async\" class=\"alignnone size-full wp-image-172\" title=\"featBuildingBanner\" src=\"http:\/\/liceocaguas.com\/home2\/wp-content\/uploads\/2012\/06\/featBuildingBanner.jpg\" alt=\"\" width=\"913\" height=\"191\" srcset=\"http:\/\/liceocaguas.com\/home2\/wp-content\/uploads\/2012\/06\/featBuildingBanner.jpg 913w, http:\/\/liceocaguas.com\/home2\/wp-content\/uploads\/2012\/06\/featBuildingBanner-300x62.jpg 300w\" sizes=\"auto, (max-width: 913px) 100vw, 913px\" \/><\/a><\/h1>\n<h1>Programas (Cursos Regulares)<\/h1>\n<p><a href=\"http:\/\/liceocaguas.com\/home2\/?page_id=2010\">Servicios Funerarios y Embalsamiento<\/a><br \/>\n<a href=\"http:\/\/liceocaguas.com\/home2\/?page_id=17\">Cosmetolog\u00eda y Estilismo<\/a><br \/>\n<a href=\"http:\/\/liceocaguas.com\/home2\/?page_id=20\">Barber\u00eda y Estilismo<\/a><br \/>\n<a href=\"http:\/\/liceocaguas.com\/home2\/?page_id=27\">Asistente Administrativo<\/a><br \/>\n<a href=\"http:\/\/liceocaguas.com\/home2\/?page_id=33\">Alta Costura<\/a><br \/>\n<a href=\"http:\/\/liceocaguas.com\/home2\/?page_id=37\">Cuidado Infantil<\/a><br \/>\n<a href=\"http:\/\/liceocaguas.com\/home2\/?page_id=40\">T\u00e9cnico de U\u00f1as<\/a><br \/>\n<a href=\"http:\/\/liceocaguas.com\/home2\/?page_id=44\">Cosmetolog\u00eda y Estilismo Avanzado<\/a><br \/>\n<a title=\"Enfermer\u00eda Pr\u00e1ctica\" href=\"http:\/\/liceocaguas.com\/home2\/?page_id=754\">Enfermer\u00eda Pr\u00e1ctica<br \/>\n<\/a><a title=\"Enfermer\u00eda Pr\u00e1ctica\" href=\"http:\/\/liceocaguas.com\/home2\/?page_id=754\"><br \/>\n<\/a><\/p>\n<p><a class=\"button-01\" href=\"http:\/\/liceocaguas.com\/home2\/?page_id=196\"><span>Cursos Privados (Sabatinos)<\/span><\/a><\/p>\n","protected":false},"excerpt":{"rendered":"<p>Programas (Cursos Regulares) Servicios Funerarios y Embalsamiento Cosmetolog\u00eda y Estilismo Barber\u00eda y Estilismo Asistente Administrativo Alta Costura Cuidado Infantil T\u00e9cnico de U\u00f1as Cosmetolog\u00eda y Estilismo Avanzado Enfermer\u00eda Pr\u00e1ctica<\/p>\n","protected":false},"author":1,"featured_media":0,"parent":0,"menu_order":0,"comment_status":"open","ping_status":"open","template":"full-page.php","meta":{"om_disable_all_campaigns":false,"_monsterinsights_skip_tracking":false,"_monsterinsights_sitenote_active":false,"_monsterinsights_sitenote_note":"","_monsterinsights_sitenote_category":0,"footnotes":""},"class_list":["post-23","page","type-page","status-publish","hentry"],"aioseo_notices":[],"jetpack_sharing_enabled":true,"_links":{"self":[{"href":"http:\/\/liceocaguas.com\/home2\/wp-json\/wp\/v2\/pages\/23","targetHints":{"allow":["GET"]}}],"collection":[{"href":"http:\/\/liceocaguas.com\/home2\/wp-json\/wp\/v2\/pages"}],"about":[{"href":"http:\/\/liceocaguas.com\/home2\/wp-json\/wp\/v2\/types\/page"}],"author":[{"embeddable":true,"href":"http:\/\/liceocaguas.com\/home2\/wp-json\/wp\/v2\/users\/1"}],"replies":[{"embeddable":true,"href":"http:\/\/liceocaguas.com\/home2\/wp-json\/wp\/v2\/comments?post=23"}],"version-history":[{"count":15,"href":"http:\/\/liceocaguas.com\/home2\/wp-json\/wp\/v2\/pages\/23\/revisions"}],"predecessor-version":[{"id":12006,"href":"http:\/\/liceocaguas.com\/home2\/wp-json\/wp\/v2\/pages\/23\/revisions\/12006"}],"wp:attachment":[{"href":"http:\/\/liceocaguas.com\/home2\/wp-json\/wp\/v2\/media?parent=23"}],"curies":[{"name":"wp","href":"https:\/\/api.w.org\/{rel}","templated":true}]}}