{"id":2283,"date":"2016-06-23T17:17:46","date_gmt":"2016-06-23T17:17:46","guid":{"rendered":"http:\/\/liceocaguas.com\/home2\/?page_id=2283"},"modified":"2018-04-02T22:16:33","modified_gmt":"2018-04-02T22:16:33","slug":"maquillaje-2","status":"publish","type":"page","link":"http:\/\/liceocaguas.com\/home2\/maquillaje-2\/","title":{"rendered":"Maquillaje"},"content":{"rendered":"<h1><img loading=\"lazy\" decoding=\"async\" class=\"wp-image-2284 size-full alignnone\" title=\"featFloristeria2\" src=\"http:\/\/liceocaguas.com\/home2\/wp-content\/uploads\/2016\/06\/maquillaje.png\" width=\"540\" height=\"162\" srcset=\"http:\/\/liceocaguas.com\/home2\/wp-content\/uploads\/2016\/06\/maquillaje.png 540w, http:\/\/liceocaguas.com\/home2\/wp-content\/uploads\/2016\/06\/maquillaje-300x90.png 300w\" sizes=\"auto, (max-width: 540px) 100vw, 540px\" \/><\/h1>\n<h2>Cursos Privados (Sabatinos)<\/h2>\n<p>40 horas &#8211; 10 clases<\/p>\n<table border=\"0\" width=\"669\" cellspacing=\"0\" cellpadding=\"0\">\n<tbody>\n<tr>\n<td style=\"padding-left: 30px;\"><strong>\u00a0TEMAS<\/strong><\/td>\n<td>\n<div align=\"center\"><strong>CLASE<\/strong><\/div>\n<\/td>\n<\/tr>\n<tr>\n<td style=\"padding-left: 30px;\">\n<p class=\"p1\"><strong>Introducci\u00f3n:<\/strong><\/p>\n<p class=\"p1\" style=\"padding-left: 30px;\">a) Tipos de rostros y pieles<\/p>\n<p class=\"p1\" style=\"padding-left: 30px;\">b) Ley del color y teor\u00eda de correctivos<\/p>\n<p class=\"p1\" style=\"padding-left: 30px;\">c) Preparaci\u00f3n de la piel<\/p>\n<p class=\"p1\" style=\"padding-left: 30px;\">d) Uso correcto de brochas<\/p>\n<\/td>\n<td>\n<div align=\"center\">1<\/div>\n<\/td>\n<\/tr>\n<tr>\n<td style=\"padding-left: 30px;\">\n<p class=\"p1\"><strong>Visita a Sephora\u00a0<\/strong><\/p>\n<p class=\"p1\" style=\"padding-left: 30px;\">a) L\u00edneas y productos de maquillajes<\/p>\n<\/td>\n<td>\n<div align=\"center\">2<\/div>\n<\/td>\n<\/tr>\n<tr>\n<td style=\"padding-left: 30px;\">\n<p class=\"p1\"><strong>T\u00e9cnicas de maquillaje<\/strong><\/p>\n<p class=\"p1\" style=\"padding-left: 30px;\">a) Selecci\u00f3n y aplicaci\u00f3n correcta de base<\/p>\n<p class=\"p1\" style=\"padding-left: 30px;\">b) T\u00e9cnicas de correctivos (nariz, labios, cejas etc)<\/p>\n<p class=\"p1\" style=\"padding-left: 30px;\">c) Contornos e iluminaci\u00f3n<\/p>\n<p class=\"p1\" style=\"padding-left: 30px;\">d) Maquillaje natural<\/p>\n<\/td>\n<td style=\"text-align: center;\">3<\/td>\n<\/tr>\n<tr>\n<td style=\"padding-left: 30px;\">\n<p class=\"p1\"><strong>Automaquillaje<\/strong><\/p>\n<p class=\"p1\" style=\"padding-left: 30px;\">a) Maquillaje casual<\/p>\n<p class=\"p1\" style=\"padding-left: 30px;\">b) Maquillaje casual de c\u00f3ctel<\/p>\n<\/td>\n<td>\n<div align=\"center\">4<\/div>\n<\/td>\n<\/tr>\n<tr>\n<td style=\"padding-left: 30px;\">\n<p class=\"p1\"><strong>Pr\u00e1ctica (ejecuci\u00f3n)<\/strong><\/p>\n<p class=\"p1\" style=\"padding-left: 30px;\">a) Maquillaje de novia (modelo)<\/p>\n<p class=\"p1\" style=\"padding-left: 30px;\">b) Aplicaci\u00f3n de pesta\u00f1as individuales<\/p>\n<\/td>\n<td>\n<div align=\"center\">5<\/div>\n<\/td>\n<\/tr>\n<tr>\n<td style=\"padding-left: 30px;\">\n<p class=\"p1\"><strong>Pr\u00e1ctica (ejecuci\u00f3n)<\/strong><\/p>\n<p class=\"p1\" style=\"padding-left: 30px;\">a) Maquillaje de gala<\/p>\n<p class=\"p1\" style=\"padding-left: 30px;\">b) Aplicaci\u00f3n de pesta\u00f1as postizas<\/p>\n<\/td>\n<td>\n<div align=\"center\">6<\/div>\n<\/td>\n<\/tr>\n<tr>\n<td style=\"padding-left: 30px;\">\n<p class=\"p1\"><strong>Practica (ejecuci\u00f3n)<\/strong><\/p>\n<p class=\"p1\" style=\"padding-left: 30px;\">a) T\u00e9cnica de \u201ccut crease\u201d<\/p>\n<p class=\"p1\" style=\"padding-left: 30px;\">b) Uso y aplicaci\u00f3n de piedras y brillo<\/p>\n<p class=\"p1\" style=\"padding-left: 30px;\">c) Maquillaje piel sepia<\/p>\n<\/td>\n<td>\n<div align=\"center\">7<\/div>\n<\/td>\n<\/tr>\n<tr>\n<td style=\"padding-left: 30px;\">\n<p class=\"p1\"><strong>Pr\u00e1ctica (ejecuci\u00f3n)<\/strong><\/p>\n<p class=\"p1\" style=\"padding-left: 30px;\">a) Evaluaci\u00f3n progresiva de casual a gala<\/p>\n<p class=\"p1\" style=\"padding-left: 30px;\">b) T\u00e9cnicas de \u201csmokey eye\u201d<\/p>\n<\/td>\n<td>\n<div align=\"center\">8<\/div>\n<\/td>\n<\/tr>\n<tr>\n<td style=\"padding-left: 30px;\">\n<p class=\"p1\"><strong>Pr\u00e1ctica (ejecuci\u00f3n)<\/strong><\/p>\n<p class=\"p1\" style=\"padding-left: 30px;\">a) Evaluaci\u00f3n progresiva de casual a gala<\/p>\n<\/td>\n<td>\n<div align=\"center\">9<\/div>\n<\/td>\n<\/tr>\n<tr>\n<td style=\"padding-left: 30px;\">\n<p class=\"p1\"><strong>Pr\u00e1ctica (ejecuci\u00f3n)<\/strong><\/p>\n<p class=\"p1\" style=\"padding-left: 30px;\">a) Evaluaci\u00f3n final (Gala)<\/p>\n<p class=\"p1\" style=\"padding-left: 30px;\">b) Competencia en equipo<\/p>\n<\/td>\n<td>\n<div align=\"center\">10<\/div>\n<\/td>\n<\/tr>\n<tr>\n<td><\/td>\n<td><\/td>\n<\/tr>\n<tr>\n<td>\n<div align=\"right\"><strong>TOTAL DE CLASES<\/strong><\/div>\n<\/td>\n<td>\n<div align=\"center\">10<\/div>\n<\/td>\n<\/tr>\n<\/tbody>\n<\/table>\n<p><!--more--><\/p>\n<table border=\"0\" width=\"0\" cellspacing=\"0\" cellpadding=\"0\">\n<tbody>\n<tr>\n<td colspan=\"2\">\n<div align=\"center\">Horario<\/div>\n<\/td>\n<\/tr>\n<tr>\n<td width=\"220\">\n<div align=\"center\">Sabatino<\/div>\n<\/td>\n<\/tr>\n<tr>\n<td>\n<div align=\"center\">9:00 am a 12:00 md<\/div>\n<\/td>\n<\/tr>\n<\/tbody>\n<\/table>\n","protected":false},"excerpt":{"rendered":"<p>Cursos Privados (Sabatinos) 40 horas &#8211; 10 clases \u00a0TEMAS CLASE Introducci\u00f3n: a) Tipos de rostros y pieles b) Ley del color y teor\u00eda de correctivos c) Preparaci\u00f3n de la piel &hellip; <a href=\"http:\/\/liceocaguas.com\/home2\/maquillaje-2\/\">Continue reading <span class=\"meta-nav\"><\/span><\/a><\/p>\n","protected":false},"author":1,"featured_media":0,"parent":0,"menu_order":0,"comment_status":"closed","ping_status":"closed","template":"","meta":{"om_disable_all_campaigns":false,"_monsterinsights_skip_tracking":false,"_monsterinsights_sitenote_active":false,"_monsterinsights_sitenote_note":"","_monsterinsights_sitenote_category":0,"footnotes":""},"class_list":["post-2283","page","type-page","status-publish","hentry"],"aioseo_notices":[],"jetpack_sharing_enabled":true,"_links":{"self":[{"href":"http:\/\/liceocaguas.com\/home2\/wp-json\/wp\/v2\/pages\/2283","targetHints":{"allow":["GET"]}}],"collection":[{"href":"http:\/\/liceocaguas.com\/home2\/wp-json\/wp\/v2\/pages"}],"about":[{"href":"http:\/\/liceocaguas.com\/home2\/wp-json\/wp\/v2\/types\/page"}],"author":[{"embeddable":true,"href":"http:\/\/liceocaguas.com\/home2\/wp-json\/wp\/v2\/users\/1"}],"replies":[{"embeddable":true,"href":"http:\/\/liceocaguas.com\/home2\/wp-json\/wp\/v2\/comments?post=2283"}],"version-history":[{"count":4,"href":"http:\/\/liceocaguas.com\/home2\/wp-json\/wp\/v2\/pages\/2283\/revisions"}],"predecessor-version":[{"id":2992,"href":"http:\/\/liceocaguas.com\/home2\/wp-json\/wp\/v2\/pages\/2283\/revisions\/2992"}],"wp:attachment":[{"href":"http:\/\/liceocaguas.com\/home2\/wp-json\/wp\/v2\/media?parent=2283"}],"curies":[{"name":"wp","href":"https:\/\/api.w.org\/{rel}","templated":true}]}}