{"id":217,"date":"2012-06-13T17:43:53","date_gmt":"2012-06-13T17:43:53","guid":{"rendered":"http:\/\/liceocaguas.com\/home2\/?page_id=217"},"modified":"2018-04-02T22:26:02","modified_gmt":"2018-04-02T22:26:02","slug":"curso-basico-de-unas","status":"publish","type":"page","link":"http:\/\/liceocaguas.com\/home2\/curso-basico-de-unas\/","title":{"rendered":"Curso B\u00e1sico de U\u00f1as"},"content":{"rendered":"<h1><a href=\"http:\/\/liceocaguas.com\/home2\/wp-content\/uploads\/2012\/06\/featUnas.jpg\"><img loading=\"lazy\" decoding=\"async\" class=\"alignnone size-full wp-image-115\" title=\"featUnas\" src=\"http:\/\/liceocaguas.com\/home2\/wp-content\/uploads\/2012\/06\/featUnas.jpg\" alt=\"\" width=\"540\" height=\"162\" srcset=\"http:\/\/liceocaguas.com\/home2\/wp-content\/uploads\/2012\/06\/featUnas.jpg 540w, http:\/\/liceocaguas.com\/home2\/wp-content\/uploads\/2012\/06\/featUnas-300x90.jpg 300w\" sizes=\"auto, (max-width: 540px) 100vw, 540px\" \/><\/a><\/h1>\n<h2>Cursos Privados (Sabatinos)<\/h2>\n<p>36 Horas &#8211; 10 Clases<\/p>\n<table border=\"0\" width=\"560\">\n<tbody>\n<tr>\n<td colspan=\"2\" align=\"center\"><\/td>\n<\/tr>\n<tr>\n<td width=\"302\"><\/td>\n<td align=\"center\" width=\"242\"><strong>HORAS<\/strong><\/td>\n<\/tr>\n<tr>\n<td>Introducci\u00f3n:<\/p>\n<p style=\"padding-left: 30px;\">Composici\u00f3n de las u\u00f1as<\/p>\n<p style=\"padding-left: 30px;\">Enfermedades de las U\u00f1as<\/p>\n<p style=\"padding-left: 30px;\">\u00c9tica Profesional<\/p>\n<\/td>\n<td align=\"center\">4<\/td>\n<\/tr>\n<tr>\n<td>Manicura y Pedicura (modelo)<\/td>\n<td align=\"center\">4<\/td>\n<\/tr>\n<tr>\n<td>Configuraci\u00f3n de Tips y Aplicaci\u00f3n de Material Acr\u00edlico<\/td>\n<td align=\"center\">4<\/td>\n<\/tr>\n<tr>\n<td>Aplicaci\u00f3n de Material en Acr\u00edlico en Dos Tonos<\/td>\n<td align=\"center\">4<\/td>\n<\/tr>\n<tr>\n<td>Aplicaci\u00f3n de Material en Acr\u00edlico Dos Tonos en Almendra<\/td>\n<td align=\"center\">4<\/td>\n<\/tr>\n<tr>\n<td>U\u00f1as Esculturales en Dos Tonos (modelo)<\/td>\n<td align=\"center\">4<\/td>\n<\/tr>\n<tr>\n<td>Aplicaci\u00f3n Acr\u00edlico para Encapsular Efecto<\/td>\n<td align=\"center\">4<\/td>\n<\/tr>\n<tr>\n<td>Aplicaci\u00f3n de \u201cGel\u201d para U\u00f1as<\/td>\n<td align=\"center\">4<\/td>\n<\/tr>\n<tr>\n<td>Dise\u00f1o y Relieve B\u00e1sico<\/td>\n<td align=\"center\">4<\/td>\n<\/tr>\n<tr>\n<td>Cl\u00ednica (Modelo)<\/td>\n<td align=\"center\">4<\/td>\n<\/tr>\n<tr>\n<td style=\"text-align: right;\"><strong>TOTAL DE HORAS<\/strong><\/td>\n<td align=\"center\">40<\/td>\n<\/tr>\n<\/tbody>\n<\/table>\n<p>&nbsp;<\/p>\n<table border=\"0\" width=\"0\" cellspacing=\"0\" cellpadding=\"0\">\n<tbody>\n<tr>\n<td colspan=\"2\">\n<div align=\"center\">Horario<\/div>\n<\/td>\n<\/tr>\n<tr>\n<td width=\"180\">\n<div align=\"center\">Sabatino<\/div>\n<\/td>\n<\/tr>\n<tr>\n<td>\n<div align=\"center\">9:00 am a 12:00 md<\/div>\n<\/td>\n<\/tr>\n<\/tbody>\n<\/table>\n","protected":false},"excerpt":{"rendered":"<p>Cursos Privados (Sabatinos) 36 Horas &#8211; 10 Clases HORAS Introducci\u00f3n: Composici\u00f3n de las u\u00f1as Enfermedades de las U\u00f1as \u00c9tica Profesional 4 Manicura y Pedicura (modelo) 4 Configuraci\u00f3n de Tips y &hellip; <a href=\"http:\/\/liceocaguas.com\/home2\/curso-basico-de-unas\/\">Continue reading <span class=\"meta-nav\"><\/span><\/a><\/p>\n","protected":false},"author":1,"featured_media":0,"parent":0,"menu_order":0,"comment_status":"open","ping_status":"open","template":"","meta":{"om_disable_all_campaigns":false,"_monsterinsights_skip_tracking":false,"_monsterinsights_sitenote_active":false,"_monsterinsights_sitenote_note":"","_monsterinsights_sitenote_category":0,"footnotes":""},"class_list":["post-217","page","type-page","status-publish","hentry"],"aioseo_notices":[],"jetpack_sharing_enabled":true,"_links":{"self":[{"href":"http:\/\/liceocaguas.com\/home2\/wp-json\/wp\/v2\/pages\/217","targetHints":{"allow":["GET"]}}],"collection":[{"href":"http:\/\/liceocaguas.com\/home2\/wp-json\/wp\/v2\/pages"}],"about":[{"href":"http:\/\/liceocaguas.com\/home2\/wp-json\/wp\/v2\/types\/page"}],"author":[{"embeddable":true,"href":"http:\/\/liceocaguas.com\/home2\/wp-json\/wp\/v2\/users\/1"}],"replies":[{"embeddable":true,"href":"http:\/\/liceocaguas.com\/home2\/wp-json\/wp\/v2\/comments?post=217"}],"version-history":[{"count":22,"href":"http:\/\/liceocaguas.com\/home2\/wp-json\/wp\/v2\/pages\/217\/revisions"}],"predecessor-version":[{"id":2996,"href":"http:\/\/liceocaguas.com\/home2\/wp-json\/wp\/v2\/pages\/217\/revisions\/2996"}],"wp:attachment":[{"href":"http:\/\/liceocaguas.com\/home2\/wp-json\/wp\/v2\/media?parent=217"}],"curies":[{"name":"wp","href":"https:\/\/api.w.org\/{rel}","templated":true}]}}