{"id":213,"date":"2012-06-13T17:38:38","date_gmt":"2012-06-13T17:38:38","guid":{"rendered":"http:\/\/liceocaguas.com\/home2\/?page_id=213"},"modified":"2018-04-02T22:33:40","modified_gmt":"2018-04-02T22:33:40","slug":"facturacion-a-planes-medicos","status":"publish","type":"page","link":"http:\/\/liceocaguas.com\/home2\/facturacion-a-planes-medicos\/","title":{"rendered":"Facturaci\u00f3n a Planes M\u00e9dicos"},"content":{"rendered":"<h1><a href=\"http:\/\/liceocaguas.com\/home2\/wp-content\/uploads\/2012\/06\/featAsistente.jpg\"><img loading=\"lazy\" decoding=\"async\" class=\"alignnone size-full wp-image-142\" title=\"featAsistente\" src=\"http:\/\/liceocaguas.com\/home2\/wp-content\/uploads\/2012\/06\/featAsistente.jpg\" alt=\"\" width=\"540\" height=\"162\" srcset=\"http:\/\/liceocaguas.com\/home2\/wp-content\/uploads\/2012\/06\/featAsistente.jpg 540w, http:\/\/liceocaguas.com\/home2\/wp-content\/uploads\/2012\/06\/featAsistente-300x90.jpg 300w\" sizes=\"auto, (max-width: 540px) 100vw, 540px\" \/><\/a><\/h1>\n<h2>Cursos Privados (Sabatinos)<\/h2>\n<p>48 Horas \u2013 12 Clases<\/p>\n<table border=\"0\" width=\"560\" cellspacing=\"2\" cellpadding=\"2\">\n<tbody>\n<tr>\n<td colspan=\"2\" align=\"center\"><\/td>\n<\/tr>\n<tr>\n<td width=\"302\"><\/td>\n<td align=\"center\" width=\"242\"><strong>HORAS<\/strong><\/td>\n<\/tr>\n<tr>\n<td>Conceptos, Oportunidades y Terminolog\u00eda\u00a0de\u00a0Planes M\u00e9dicos<\/td>\n<td align=\"center\">4<\/td>\n<\/tr>\n<tr>\n<td>Leyes Estatales y Federales<\/td>\n<td align=\"center\">4<\/td>\n<\/tr>\n<tr>\n<td>Tipos de Planes: Estatal, Federal y Comercial<\/td>\n<td align=\"center\">4<\/td>\n<\/tr>\n<tr>\n<td>Abreviaturas M\u00e9dicas, Evaluaci\u00f3n y Manejo &#8211; Medicare<\/td>\n<td align=\"center\">4<\/td>\n<\/tr>\n<tr>\n<td>Codificaci\u00f3n con CPT<\/td>\n<td align=\"center\">4<\/td>\n<\/tr>\n<tr>\n<td>Codificaci\u00f3n con ICD 10<\/td>\n<td align=\"center\">4<\/td>\n<\/tr>\n<tr>\n<td>Ejercicios de Pr\u00e1ctica, Facturaci\u00f3n Manual<\/td>\n<td align=\"center\">4<\/td>\n<\/tr>\n<tr>\n<td>Facturaci\u00f3n Manual<\/td>\n<td align=\"center\">4<\/td>\n<\/tr>\n<tr>\n<td>Facturaci\u00f3n Electr\u00f3nica I<\/td>\n<td align=\"center\">4<\/td>\n<\/tr>\n<tr>\n<td>Facturaci\u00f3n Electr\u00f3nica II<\/td>\n<td align=\"center\">4<\/td>\n<\/tr>\n<tr>\n<td>Facturaci\u00f3n Electr\u00f3nica III<\/td>\n<td align=\"center\">4<\/td>\n<\/tr>\n<tr>\n<td>Conceptos B\u00e1sicos de Gestor\u00eda, Reconciliaci\u00f3n y Auditor\u00eda de Pagos<\/td>\n<td style=\"text-align: center;\">4<\/td>\n<\/tr>\n<tr>\n<td style=\"text-align: right;\"><strong>TOTAL DE HORAS<br \/>\n<\/strong><\/td>\n<td align=\"center\">48<\/td>\n<\/tr>\n<\/tbody>\n<\/table>\n<p>&nbsp;<\/p>\n<table border=\"0\" width=\"0\" cellspacing=\"0\" cellpadding=\"0\">\n<tbody>\n<tr>\n<td colspan=\"2\">\n<div align=\"center\">Horario<\/div>\n<\/td>\n<\/tr>\n<tr>\n<td width=\"180\">\n<div align=\"center\">Sabatino<\/div>\n<\/td>\n<\/tr>\n<tr>\n<td>\n<div align=\"center\">9:00 am a 1:00 pm<\/div>\n<\/td>\n<\/tr>\n<\/tbody>\n<\/table>\n","protected":false},"excerpt":{"rendered":"<p>Cursos Privados (Sabatinos) 48 Horas \u2013 12 Clases HORAS Conceptos, Oportunidades y Terminolog\u00eda\u00a0de\u00a0Planes M\u00e9dicos 4 Leyes Estatales y Federales 4 Tipos de Planes: Estatal, Federal y Comercial 4 Abreviaturas M\u00e9dicas, &hellip; <a href=\"http:\/\/liceocaguas.com\/home2\/facturacion-a-planes-medicos\/\">Continue reading <span class=\"meta-nav\"><\/span><\/a><\/p>\n","protected":false},"author":1,"featured_media":0,"parent":0,"menu_order":0,"comment_status":"open","ping_status":"open","template":"","meta":{"om_disable_all_campaigns":false,"_monsterinsights_skip_tracking":false,"_monsterinsights_sitenote_active":false,"_monsterinsights_sitenote_note":"","_monsterinsights_sitenote_category":0,"footnotes":""},"class_list":["post-213","page","type-page","status-publish","hentry"],"aioseo_notices":[],"jetpack_sharing_enabled":true,"_links":{"self":[{"href":"http:\/\/liceocaguas.com\/home2\/wp-json\/wp\/v2\/pages\/213","targetHints":{"allow":["GET"]}}],"collection":[{"href":"http:\/\/liceocaguas.com\/home2\/wp-json\/wp\/v2\/pages"}],"about":[{"href":"http:\/\/liceocaguas.com\/home2\/wp-json\/wp\/v2\/types\/page"}],"author":[{"embeddable":true,"href":"http:\/\/liceocaguas.com\/home2\/wp-json\/wp\/v2\/users\/1"}],"replies":[{"embeddable":true,"href":"http:\/\/liceocaguas.com\/home2\/wp-json\/wp\/v2\/comments?post=213"}],"version-history":[{"count":27,"href":"http:\/\/liceocaguas.com\/home2\/wp-json\/wp\/v2\/pages\/213\/revisions"}],"predecessor-version":[{"id":2999,"href":"http:\/\/liceocaguas.com\/home2\/wp-json\/wp\/v2\/pages\/213\/revisions\/2999"}],"wp:attachment":[{"href":"http:\/\/liceocaguas.com\/home2\/wp-json\/wp\/v2\/media?parent=213"}],"curies":[{"name":"wp","href":"https:\/\/api.w.org\/{rel}","templated":true}]}}