{"id":205,"date":"2012-06-13T17:31:19","date_gmt":"2012-06-13T17:31:19","guid":{"rendered":"http:\/\/liceocaguas.com\/home2\/?page_id=205"},"modified":"2018-04-02T22:35:38","modified_gmt":"2018-04-02T22:35:38","slug":"coordinacion-de-eventos","status":"publish","type":"page","link":"http:\/\/liceocaguas.com\/home2\/coordinacion-de-eventos\/","title":{"rendered":"Coordinaci\u00f3n de Eventos Sociales"},"content":{"rendered":"<h1><a href=\"http:\/\/liceocaguas.com\/home2\/wp-content\/uploads\/2012\/07\/featFloristeria2.jpg\"><img loading=\"lazy\" decoding=\"async\" class=\"alignnone size-full wp-image-470\" title=\"featFloristeria2\" src=\"http:\/\/liceocaguas.com\/home2\/wp-content\/uploads\/2012\/07\/featFloristeria2.jpg\" alt=\"\" width=\"540\" height=\"162\" srcset=\"http:\/\/liceocaguas.com\/home2\/wp-content\/uploads\/2012\/07\/featFloristeria2.jpg 540w, http:\/\/liceocaguas.com\/home2\/wp-content\/uploads\/2012\/07\/featFloristeria2-300x90.jpg 300w\" sizes=\"auto, (max-width: 540px) 100vw, 540px\" \/><\/a><\/h1>\n<h2>Cursos Privados (Sabatinos)<\/h2>\n<p>30 horas &#8211; 10 clases<\/p>\n<table border=\"0\" width=\"669\" cellspacing=\"0\" cellpadding=\"0\">\n<tbody>\n<tr>\n<td width=\"517\"><\/td>\n<td width=\"152\">\n<div align=\"center\"><strong>HORAS<\/strong><\/div>\n<\/td>\n<\/tr>\n<tr>\n<td style=\"padding-left: 30px;\">Presentaci\u00f3n del contenido del curso:<\/p>\n<p style=\"padding-left: 30px;\">Tarjetas de Presentaci\u00f3n<\/p>\n<p style=\"padding-left: 30px;\">Folleto<\/p>\n<p style=\"padding-left: 30px;\">Plano de Planta<\/p>\n<p style=\"padding-left: 30px;\">Propuesta<\/p>\n<\/td>\n<td>\n<div align=\"center\">3<\/div>\n<\/td>\n<\/tr>\n<tr>\n<td>Banco de Talento\/Recursos:<\/p>\n<p style=\"padding-left: 30px;\">Deberes del Coordinador<\/p>\n<p style=\"padding-left: 30px;\">Tipos de Eventos que se Coordinan<\/p>\n<\/td>\n<td>\n<div align=\"center\">3<\/div>\n<\/td>\n<\/tr>\n<tr>\n<td>Contratos de Servicios y Confecci\u00f3n<\/td>\n<td>\n<div align=\"center\">3<\/div>\n<\/td>\n<\/tr>\n<tr>\n<td>Comisi\u00f3n y Confecci\u00f3n de la Tarjeta de Presentaci\u00f3n<\/td>\n<td>\n<div align=\"center\">3<\/div>\n<\/td>\n<\/tr>\n<tr>\n<td>Vestimenta del Coordinador:<\/p>\n<p style=\"padding-left: 30px;\">Equipo de Emergencias en el Trabajo<\/p>\n<\/td>\n<td>\n<div align=\"center\">3<\/div>\n<\/td>\n<\/tr>\n<tr>\n<td>Coordinaci\u00f3n de Boda:<\/p>\n<p style=\"padding-left: 30px;\">Invitaciones<\/p>\n<\/td>\n<td>\n<div align=\"center\">3<\/div>\n<\/td>\n<\/tr>\n<tr>\n<td>Plano de Planta y Acomodo de Mesas<\/td>\n<td>\n<div align=\"center\">3<\/div>\n<\/td>\n<\/tr>\n<tr>\n<td>Mesas, Vino, Manteler\u00eda, Cuberter\u00eda y Montaje<\/td>\n<td>\n<div align=\"center\">3<\/div>\n<\/td>\n<\/tr>\n<tr>\n<td>Coordinaci\u00f3n de Quincea\u00f1eros<\/td>\n<td>\n<div align=\"center\">3<\/div>\n<\/td>\n<\/tr>\n<tr>\n<td>Coordinaci\u00f3n de Presentaci\u00f3n en Sociedad<\/td>\n<td>\n<div align=\"center\">3<\/div>\n<\/td>\n<\/tr>\n<tr>\n<td>\n<div align=\"right\"><strong>TOTAL DE HORAS<\/strong><\/div>\n<\/td>\n<td>\n<div align=\"center\">30<\/div>\n<\/td>\n<\/tr>\n<\/tbody>\n<\/table>\n<p>&nbsp;<\/p>\n<table border=\"0\" width=\"0\" cellspacing=\"0\" cellpadding=\"0\">\n<tbody>\n<tr>\n<td colspan=\"2\">\n<div align=\"center\">Horario<\/div>\n<\/td>\n<\/tr>\n<tr>\n<td width=\"220\">\n<div align=\"center\">Sabatino<\/div>\n<\/td>\n<\/tr>\n<tr>\n<td>\n<div align=\"center\">9:00 am a 12:00 md<\/div>\n<\/td>\n<\/tr>\n<\/tbody>\n<\/table>\n","protected":false},"excerpt":{"rendered":"<p>Cursos Privados (Sabatinos) 30 horas &#8211; 10 clases HORAS Presentaci\u00f3n del contenido del curso: Tarjetas de Presentaci\u00f3n Folleto Plano de Planta Propuesta 3 Banco de Talento\/Recursos: Deberes del Coordinador Tipos &hellip; <a href=\"http:\/\/liceocaguas.com\/home2\/coordinacion-de-eventos\/\">Continue reading <span class=\"meta-nav\"><\/span><\/a><\/p>\n","protected":false},"author":1,"featured_media":0,"parent":0,"menu_order":0,"comment_status":"open","ping_status":"open","template":"","meta":{"om_disable_all_campaigns":false,"_monsterinsights_skip_tracking":false,"_monsterinsights_sitenote_active":false,"_monsterinsights_sitenote_note":"","_monsterinsights_sitenote_category":0,"footnotes":""},"class_list":["post-205","page","type-page","status-publish","hentry"],"aioseo_notices":[],"jetpack_sharing_enabled":true,"_links":{"self":[{"href":"http:\/\/liceocaguas.com\/home2\/wp-json\/wp\/v2\/pages\/205","targetHints":{"allow":["GET"]}}],"collection":[{"href":"http:\/\/liceocaguas.com\/home2\/wp-json\/wp\/v2\/pages"}],"about":[{"href":"http:\/\/liceocaguas.com\/home2\/wp-json\/wp\/v2\/types\/page"}],"author":[{"embeddable":true,"href":"http:\/\/liceocaguas.com\/home2\/wp-json\/wp\/v2\/users\/1"}],"replies":[{"embeddable":true,"href":"http:\/\/liceocaguas.com\/home2\/wp-json\/wp\/v2\/comments?post=205"}],"version-history":[{"count":34,"href":"http:\/\/liceocaguas.com\/home2\/wp-json\/wp\/v2\/pages\/205\/revisions"}],"predecessor-version":[{"id":3000,"href":"http:\/\/liceocaguas.com\/home2\/wp-json\/wp\/v2\/pages\/205\/revisions\/3000"}],"wp:attachment":[{"href":"http:\/\/liceocaguas.com\/home2\/wp-json\/wp\/v2\/media?parent=205"}],"curies":[{"name":"wp","href":"https:\/\/api.w.org\/{rel}","templated":true}]}}