{"id":2010,"date":"2015-10-16T17:02:11","date_gmt":"2015-10-16T17:02:11","guid":{"rendered":"http:\/\/liceocaguas.com\/home2\/?page_id=2010"},"modified":"2020-07-16T15:08:59","modified_gmt":"2020-07-16T15:08:59","slug":"administracion-de-servicios-funerarios-y-embalsamiento","status":"publish","type":"page","link":"http:\/\/liceocaguas.com\/home2\/administracion-de-servicios-funerarios-y-embalsamiento\/","title":{"rendered":"Administraci\u00f3n de Servicios Funerarios y Embalsamamiento"},"content":{"rendered":"<h1><img loading=\"lazy\" decoding=\"async\" class=\"wp-image-2292 size-full alignnone\" title=\"featFloristeria2\" src=\"http:\/\/liceocaguas.com\/home2\/wp-content\/uploads\/2015\/10\/funeral.png\" width=\"540\" height=\"162\" srcset=\"http:\/\/liceocaguas.com\/home2\/wp-content\/uploads\/2015\/10\/funeral.png 540w, http:\/\/liceocaguas.com\/home2\/wp-content\/uploads\/2015\/10\/funeral-300x90.png 300w\" sizes=\"auto, (max-width: 540px) 100vw, 540px\" \/><\/h1>\n<p>Nuestro programa de Administraci\u00f3n de Servicios Funerarios y Embalsamamiento capacita al estudiante para que pueda desempe\u00f1arse de forma efectiva en el campo de las ciencias mortuorias.\u00a0 En este programa el estudiante estar\u00e1 capacitado para la desinfecci\u00f3n, preservaci\u00f3n y restauraci\u00f3n del cad\u00e1ver a trav\u00e9s de las diferentes t\u00e9cnicas.\u00a0 As\u00ed como, tambi\u00e9n los aspectos gerenciales y administrativo de una funeraria.\u00a0 El programa tiene una duraci\u00f3n de 16 meses equivalente a 1,595 horas y 49 cr\u00e9ditos.<\/p>\n<p>Fundamentos de Salud P\u00fablica<br \/>\nRegulaciones de OSHA y Disposici\u00f3n P\u00fablica<br \/>\nEmbalsamamiento Cl\u00ednico I<br \/>\nPrincipios de Bacteriolog\u00eda y Patolog\u00eda<br \/>\nEnfermedades Transmisibles<br \/>\nArte Restaurativo y Cosmetolog\u00eda B\u00e1sica<br \/>\nEmbalsamamiento Cl\u00ednico II<br \/>\nCasos Especiales<br \/>\nPrincipio y Administraci\u00f3n Funeral<br \/>\nPr\u00e1ctica (315) Horas<\/p>\n<p>Total de cr\u00e9ditos: 49<br \/>\nDuraci\u00f3n: 16 meses<\/p>\n<p>Requisitos de Licencia Profesional:<\/p>\n<ul>\n<li>Este programa de estudio <strong><em>requiere<\/em><\/strong> de una licencia profesional para poder ejercer en: Puerto Rico<\/li>\n<li>El programa de estudios cumple con los requisitos acad\u00e9micos para obtener la licencia profesional en: Puerto Rico<\/li>\n<\/ul>\n","protected":false},"excerpt":{"rendered":"<p>Nuestro programa de Administraci\u00f3n de Servicios Funerarios y Embalsamamiento capacita al estudiante para que pueda desempe\u00f1arse de forma efectiva en el campo de las ciencias mortuorias.\u00a0 En este programa el &hellip; <a href=\"http:\/\/liceocaguas.com\/home2\/administracion-de-servicios-funerarios-y-embalsamiento\/\">Continue reading <span class=\"meta-nav\"><\/span><\/a><\/p>\n","protected":false},"author":1,"featured_media":0,"parent":0,"menu_order":0,"comment_status":"open","ping_status":"open","template":"full-page.php","meta":{"om_disable_all_campaigns":false,"_monsterinsights_skip_tracking":false,"_monsterinsights_sitenote_active":false,"_monsterinsights_sitenote_note":"","_monsterinsights_sitenote_category":0,"footnotes":""},"class_list":["post-2010","page","type-page","status-publish","hentry"],"aioseo_notices":[],"jetpack_sharing_enabled":true,"_links":{"self":[{"href":"http:\/\/liceocaguas.com\/home2\/wp-json\/wp\/v2\/pages\/2010","targetHints":{"allow":["GET"]}}],"collection":[{"href":"http:\/\/liceocaguas.com\/home2\/wp-json\/wp\/v2\/pages"}],"about":[{"href":"http:\/\/liceocaguas.com\/home2\/wp-json\/wp\/v2\/types\/page"}],"author":[{"embeddable":true,"href":"http:\/\/liceocaguas.com\/home2\/wp-json\/wp\/v2\/users\/1"}],"replies":[{"embeddable":true,"href":"http:\/\/liceocaguas.com\/home2\/wp-json\/wp\/v2\/comments?post=2010"}],"version-history":[{"count":12,"href":"http:\/\/liceocaguas.com\/home2\/wp-json\/wp\/v2\/pages\/2010\/revisions"}],"predecessor-version":[{"id":4380,"href":"http:\/\/liceocaguas.com\/home2\/wp-json\/wp\/v2\/pages\/2010\/revisions\/4380"}],"wp:attachment":[{"href":"http:\/\/liceocaguas.com\/home2\/wp-json\/wp\/v2\/media?parent=2010"}],"curies":[{"name":"wp","href":"https:\/\/api.w.org\/{rel}","templated":true}]}}