{"id":20,"date":"2012-06-12T15:48:13","date_gmt":"2012-06-12T15:48:13","guid":{"rendered":"http:\/\/liceocaguas.com\/home2\/?page_id=20"},"modified":"2020-07-16T14:52:40","modified_gmt":"2020-07-16T14:52:40","slug":"barberia-y-estilismo","status":"publish","type":"page","link":"http:\/\/liceocaguas.com\/home2\/barberia-y-estilismo\/","title":{"rendered":"Barber\u00eda y Estilismo"},"content":{"rendered":"<h1><img loading=\"lazy\" decoding=\"async\" class=\"alignnone size-full wp-image-140\" title=\"featBarberia\" src=\"http:\/\/liceocaguas.com\/home2\/wp-content\/uploads\/2012\/06\/featBarberia.jpg\" alt=\"\" width=\"540\" height=\"162\" srcset=\"http:\/\/liceocaguas.com\/home2\/wp-content\/uploads\/2012\/06\/featBarberia.jpg 540w, http:\/\/liceocaguas.com\/home2\/wp-content\/uploads\/2012\/06\/featBarberia-300x90.jpg 300w\" sizes=\"auto, (max-width: 540px) 100vw, 540px\" \/><\/h1>\n<p>En este curso al estudiante se le adiestra al uso de m\u00e1quinas y tijeras, brind\u00e1ndoles la oportunidad de exponerse en diferentes competencias de barber\u00eda y estilismo:<\/p>\n<p style=\"padding-left: 30px;\">T\u00e9cnicas y Procedimientos de Corte y Estilos de Peinados<br \/>\nQu\u00edmicos, Alisados y Permanentes<br \/>\nT\u00e9cnicas de Color y Decoloraci\u00f3n<br \/>\nAdministraci\u00f3n de Sal\u00f3n de Belleza<br \/>\nManicura y Pedicura<br \/>\nAfeite y Faciales<br \/>\nTratamiento y Masaje Facial<br \/>\nCorte y Dise\u00f1o<br \/>\nDise\u00f1o y Arreglos en Barba y Bigotes<br \/>\nRepaso de Rev\u00e1lida (Te\u00f3rico y Pr\u00e1ctico)<\/p>\n<p>Total de Cr\u00e9ditos: 37<br \/>\nDuraci\u00f3n Aproximada: 12 meses<\/p>\n<table border=\"0\" width=\"1\" cellspacing=\"0\" cellpadding=\"0\">\n<tbody>\n<tr>\n<td bgcolor=\"#CCCCCC\">Oportunidades de empleo relacionados<\/td>\n<td bgcolor=\"#CCCCCC\">SOC Code<\/td>\n<td bgcolor=\"#CCCCCC\">Departamento del Trabajo<\/td>\n<\/tr>\n<tr>\n<td>Peluquer\u00edas, Peluquer\u00eda, Cosmetolog\u00eda<\/td>\n<td>39-5012.00<\/td>\n<td><a href=\"http:\/\/www.onetonline.org\/link\/summary\/39-5012.00\">http:\/\/www.onetonline.org\/link\/summary\/39-5012.00<\/a><\/td>\n<\/tr>\n<tr>\n<td>Maquillaje Artistas, Teatro y Performance<\/td>\n<td>39- 5091.00<\/td>\n<td><a href=\"http:\/\/www.onetonline.org\/link\/summary\/39-5091.00\">http:\/\/www.onetonline.org\/link\/summary\/39-5091.00<\/a><\/td>\n<\/tr>\n<tr>\n<td>Manicuristas y Pedicuristas<\/td>\n<td>39-5092.00<\/td>\n<td><a href=\"http:\/\/www.onetonline.org\/link\/summary\/39-5092.00\">http:\/\/www.onetonline.org\/link\/summary\/39-5092.00<\/a><\/td>\n<\/tr>\n<tr>\n<td>Especialista en Cuidado de la Piel<\/td>\n<td>39-5094.00<\/td>\n<td><a href=\"http:\/\/www.onetonline.org\/link\/summary\/39-5094.00\">http:\/\/www.onetonline.org\/link\/summary\/39-5094.00<\/a><\/td>\n<\/tr>\n<\/tbody>\n<\/table>\n<p>Requisitos de Licencia Profesional:<\/p>\n<ul>\n<li>Este programa de estudio <strong><em>requiere<\/em><\/strong> de una licencia profesional para poder ejercer en: Puerto Rico<\/li>\n<li>El programa de estudios cumple con los requisitos acad\u00e9micos para obtener la licencia profesional en: Puerto Rico<\/li>\n<\/ul>\n","protected":false},"excerpt":{"rendered":"<p>En este curso al estudiante se le adiestra al uso de m\u00e1quinas y tijeras, brind\u00e1ndoles la oportunidad de exponerse en diferentes competencias de barber\u00eda y estilismo: T\u00e9cnicas y Procedimientos de &hellip; <a href=\"http:\/\/liceocaguas.com\/home2\/barberia-y-estilismo\/\">Continue reading <span class=\"meta-nav\"><\/span><\/a><\/p>\n","protected":false},"author":1,"featured_media":0,"parent":0,"menu_order":0,"comment_status":"open","ping_status":"open","template":"full-page.php","meta":{"om_disable_all_campaigns":false,"_monsterinsights_skip_tracking":false,"_monsterinsights_sitenote_active":false,"_monsterinsights_sitenote_note":"","_monsterinsights_sitenote_category":0,"footnotes":""},"class_list":["post-20","page","type-page","status-publish","hentry"],"aioseo_notices":[],"jetpack_sharing_enabled":true,"_links":{"self":[{"href":"http:\/\/liceocaguas.com\/home2\/wp-json\/wp\/v2\/pages\/20","targetHints":{"allow":["GET"]}}],"collection":[{"href":"http:\/\/liceocaguas.com\/home2\/wp-json\/wp\/v2\/pages"}],"about":[{"href":"http:\/\/liceocaguas.com\/home2\/wp-json\/wp\/v2\/types\/page"}],"author":[{"embeddable":true,"href":"http:\/\/liceocaguas.com\/home2\/wp-json\/wp\/v2\/users\/1"}],"replies":[{"embeddable":true,"href":"http:\/\/liceocaguas.com\/home2\/wp-json\/wp\/v2\/comments?post=20"}],"version-history":[{"count":26,"href":"http:\/\/liceocaguas.com\/home2\/wp-json\/wp\/v2\/pages\/20\/revisions"}],"predecessor-version":[{"id":4368,"href":"http:\/\/liceocaguas.com\/home2\/wp-json\/wp\/v2\/pages\/20\/revisions\/4368"}],"wp:attachment":[{"href":"http:\/\/liceocaguas.com\/home2\/wp-json\/wp\/v2\/media?parent=20"}],"curies":[{"name":"wp","href":"https:\/\/api.w.org\/{rel}","templated":true}]}}