{"id":2,"date":"2012-06-12T13:41:23","date_gmt":"2012-06-12T13:41:23","guid":{"rendered":"http:\/\/liceocaguas.com\/home2\/?page_id=2"},"modified":"2024-10-09T02:22:23","modified_gmt":"2024-10-09T02:22:23","slug":"servicios-veteranos","status":"publish","type":"page","link":"http:\/\/liceocaguas.com\/home2\/servicios-veteranos\/","title":{"rendered":"Servicios Educativos para Estudiantes con Beneficios de Veteranos"},"content":{"rendered":"<p><strong>En el Liceo de Arte, Dise\u00f1o y Comercio, estamos comprometidos con el \u00e9xito acad\u00e9mico y profesional de nuestros veteranos.<\/strong> Ofrecemos una amplia gama de servicios y programas dise\u00f1ados para apoyar a aquellos que han servido a nuestro pa\u00eds, brind\u00e1ndoles las herramientas necesarias para alcanzar sus metas educativas y profesionales. Nuestro equipo est\u00e1 listo para facilitar una transici\u00f3n fluida hacia la vida estudiantil, asegurando que cuentes con todos los recursos necesarios para triunfar.b\u00a0<\/p>\n<h4><strong>Beneficios para Veteranos:<\/strong><\/h4>\n<ul>\n<li><strong>Uso de beneficios GI Bill\u00ae y otros programas de asistencia educativa:<\/strong> Te guiamos en el proceso de solicitud de beneficios como el Post-9\/11 GI Bill\u00ae, Montgomery GI Bill\u00ae y otros programas de asistencia gubernamental. La instituci\u00f3n esta aprobada por la Agencia Estatal de Servicios Educativos de Veterano para proveer formaci\u00f3n acad\u00e9mica a los estudiantes bajo diversos programas GI Bill\u00ae. GI Bill\u00ae es una marca registrada del Departamento de Asuntos de Veterano (VA).\n<\/li>\n<li><strong>Becas y apoyo financiero:<\/strong> Adem\u00e1s de los beneficios del gobierno, ofrecemos acceso a becas exclusivas y opciones de ayuda financiera para veteranos y sus familias.\n<\/li>\n<li><strong>Recursos de carrera y colocaci\u00f3n laboral:<\/strong> Nuestros especialistas en desarrollo profesional te asistir\u00e1n en la creaci\u00f3n de tu curr\u00edculum, la preparaci\u00f3n para entrevistas y te conectar\u00e1n con empleadores que valoran la experiencia militar.<\/li>\n<\/ul>\n<h4><strong>Apoyo Continuo:<\/strong><\/h4>\n<ul>\n<li><strong>Consejer\u00eda y bienestar:<\/strong> Ofrecemos servicios de consejer\u00eda confidenciales para ayudarte a gestionar cualquier desaf\u00edo emocional, psicol\u00f3gico o de adaptaci\u00f3n que puedas enfrentar durante tu vida estudiantil.<\/li>\n<\/ul>\n<h4><strong>C\u00f3mo Empezar:<\/strong><\/h4>\n<ol>\n<li><strong>Cont\u00e1ctanos:<\/strong> Nuestro equipo de Servicios para Veteranos est\u00e1 listo para guiarte en cada paso. Escr\u00edbenos a <a rel=\"noopener\">admisiones@liceocaguas.com<\/a> o ll\u00e1manos al <strong>787-743-7447<\/strong>.<\/li>\n<li><strong>Aplicaci\u00f3n y matr\u00edcula:<\/strong> Te ayudamos a completar tu solicitud y a comprender todos los requisitos necesarios para acceder a tus beneficios educativos.<\/li>\n<li><strong>Orientaci\u00f3n personalizada:<\/strong> Una vez admitido, recibir\u00e1s una orientaci\u00f3n espec\u00edfica que te permitir\u00e1 comenzar tu programa acad\u00e9mico con todas las herramientas necesarias.<\/li>\n<\/ol>\n<p><strong>\u00a1Haz realidad tu futuro!<\/strong> \u00danete a nuestra comunidad de veteranos en el <strong>Liceo de Arte, Dise\u00f1o y Comercio<\/strong> y comienza tu camino hacia una nueva carrera profesional hoy mismo.<\/p><\/p>\n","protected":false},"excerpt":{"rendered":"<p>En el Liceo de Arte, Dise\u00f1o y Comercio, estamos comprometidos con el \u00e9xito acad\u00e9mico y profesional de nuestros veteranos. Ofrecemos una amplia gama de servicios y programas dise\u00f1ados para apoyar &hellip; <a href=\"http:\/\/liceocaguas.com\/home2\/servicios-veteranos\/\">Continue reading <span class=\"meta-nav\"><\/span><\/a><\/p>\n","protected":false},"author":1,"featured_media":0,"parent":0,"menu_order":0,"comment_status":"closed","ping_status":"closed","template":"","meta":{"om_disable_all_campaigns":false,"_monsterinsights_skip_tracking":false,"_monsterinsights_sitenote_active":false,"_monsterinsights_sitenote_note":"","_monsterinsights_sitenote_category":0,"footnotes":""},"class_list":["post-2","page","type-page","status-publish","hentry"],"aioseo_notices":[],"jetpack_sharing_enabled":true,"_links":{"self":[{"href":"http:\/\/liceocaguas.com\/home2\/wp-json\/wp\/v2\/pages\/2","targetHints":{"allow":["GET"]}}],"collection":[{"href":"http:\/\/liceocaguas.com\/home2\/wp-json\/wp\/v2\/pages"}],"about":[{"href":"http:\/\/liceocaguas.com\/home2\/wp-json\/wp\/v2\/types\/page"}],"author":[{"embeddable":true,"href":"http:\/\/liceocaguas.com\/home2\/wp-json\/wp\/v2\/users\/1"}],"replies":[{"embeddable":true,"href":"http:\/\/liceocaguas.com\/home2\/wp-json\/wp\/v2\/comments?post=2"}],"version-history":[{"count":3,"href":"http:\/\/liceocaguas.com\/home2\/wp-json\/wp\/v2\/pages\/2\/revisions"}],"predecessor-version":[{"id":24259,"href":"http:\/\/liceocaguas.com\/home2\/wp-json\/wp\/v2\/pages\/2\/revisions\/24259"}],"wp:attachment":[{"href":"http:\/\/liceocaguas.com\/home2\/wp-json\/wp\/v2\/media?parent=2"}],"curies":[{"name":"wp","href":"https:\/\/api.w.org\/{rel}","templated":true}]}}