{"id":196,"date":"2012-06-13T17:13:59","date_gmt":"2012-06-13T17:13:59","guid":{"rendered":"http:\/\/liceocaguas.com\/home2\/?page_id=196"},"modified":"2016-06-23T17:19:52","modified_gmt":"2016-06-23T17:19:52","slug":"programas-sabatinos","status":"publish","type":"page","link":"http:\/\/liceocaguas.com\/home2\/programas-sabatinos\/","title":{"rendered":"Curso Privados (Sabatino)"},"content":{"rendered":"<h1><a href=\"http:\/\/liceocaguas.com\/home2\/wp-content\/uploads\/2012\/06\/featBuildingBanner.jpg\"><img loading=\"lazy\" decoding=\"async\" class=\"alignnone size-full wp-image-172\" title=\"featBuildingBanner\" src=\"http:\/\/liceocaguas.com\/home2\/wp-content\/uploads\/2012\/06\/featBuildingBanner.jpg\" alt=\"\" width=\"913\" height=\"191\" srcset=\"http:\/\/liceocaguas.com\/home2\/wp-content\/uploads\/2012\/06\/featBuildingBanner.jpg 913w, http:\/\/liceocaguas.com\/home2\/wp-content\/uploads\/2012\/06\/featBuildingBanner-300x62.jpg 300w\" sizes=\"auto, (max-width: 913px) 100vw, 913px\" \/><\/a><\/h1>\n<p style=\"text-align: justify;\">La Divisi\u00f3n de Cursos Privados ha dise\u00f1ado los m\u00f3dulos con una duraci\u00f3n de 10 a 12 s\u00e1bados, con un horario entre 9:00am a 12:00m.<\/p>\n<p>Todos los programas incluyen materiales, certificaci\u00f3n y estacionamiento. Los programas privados est\u00e1n autorizados por el Consejo de Educaci\u00f3n de Puerto Rico.<\/p>\n<div id=\"programas-links\">\n<p style=\"padding-left: 30px;\"><a href=\"http:\/\/liceocaguas.com\/home2\/?page_id=199\">Florister\u00eda<\/a><br \/>\n<a href=\"http:\/\/liceocaguas.com\/home2\/?page_id=205\">Coordinaci\u00f3n de Eventos Sociales<\/a><br \/>\n<a href=\"http:\/\/liceocaguas.com\/home2\/?page_id=213\">Facturaci\u00f3n y Cobro a Planes M\u00e9dicos<\/a><br \/>\n<a title=\"Curso B\u00e1sico de U\u00f1as\" href=\"http:\/\/liceocaguas.com\/home2\/?page_id=217\">Curso B\u00e1sico T\u00e9cnico de U\u00f1as<br \/>\n<\/a><a href=\"http:\/\/liceocaguas.com\/home2\/?page_id=2283\">Maquillaje<\/a><\/p>\n<p><a class=\"button-01\" href=\"http:\/\/liceocaguas.com\/home2\/?page_id=23\"><span>Programa Cursos Regulares<\/span><\/a><\/p>\n<\/div>\n","protected":false},"excerpt":{"rendered":"<p>La Divisi\u00f3n de Cursos Privados ha dise\u00f1ado los m\u00f3dulos con una duraci\u00f3n de 10 a 12 s\u00e1bados, con un horario entre 9:00am a 12:00m. Todos los programas incluyen materiales, certificaci\u00f3n &hellip; <a href=\"http:\/\/liceocaguas.com\/home2\/programas-sabatinos\/\">Continue reading <span class=\"meta-nav\"><\/span><\/a><\/p>\n","protected":false},"author":1,"featured_media":0,"parent":0,"menu_order":0,"comment_status":"open","ping_status":"open","template":"full-page.php","meta":{"om_disable_all_campaigns":false,"_monsterinsights_skip_tracking":false,"_monsterinsights_sitenote_active":false,"_monsterinsights_sitenote_note":"","_monsterinsights_sitenote_category":0,"footnotes":""},"class_list":["post-196","page","type-page","status-publish","hentry"],"aioseo_notices":[],"jetpack_sharing_enabled":true,"_links":{"self":[{"href":"http:\/\/liceocaguas.com\/home2\/wp-json\/wp\/v2\/pages\/196","targetHints":{"allow":["GET"]}}],"collection":[{"href":"http:\/\/liceocaguas.com\/home2\/wp-json\/wp\/v2\/pages"}],"about":[{"href":"http:\/\/liceocaguas.com\/home2\/wp-json\/wp\/v2\/types\/page"}],"author":[{"embeddable":true,"href":"http:\/\/liceocaguas.com\/home2\/wp-json\/wp\/v2\/users\/1"}],"replies":[{"embeddable":true,"href":"http:\/\/liceocaguas.com\/home2\/wp-json\/wp\/v2\/comments?post=196"}],"version-history":[{"count":18,"href":"http:\/\/liceocaguas.com\/home2\/wp-json\/wp\/v2\/pages\/196\/revisions"}],"predecessor-version":[{"id":2287,"href":"http:\/\/liceocaguas.com\/home2\/wp-json\/wp\/v2\/pages\/196\/revisions\/2287"}],"wp:attachment":[{"href":"http:\/\/liceocaguas.com\/home2\/wp-json\/wp\/v2\/media?parent=196"}],"curies":[{"name":"wp","href":"https:\/\/api.w.org\/{rel}","templated":true}]}}