{"id":17,"date":"2012-06-12T15:44:36","date_gmt":"2012-06-12T15:44:36","guid":{"rendered":"http:\/\/liceocaguas.com\/home2\/?page_id=17"},"modified":"2020-07-16T14:52:17","modified_gmt":"2020-07-16T14:52:17","slug":"cosmetologia-y-estilismo","status":"publish","type":"page","link":"http:\/\/liceocaguas.com\/home2\/cosmetologia-y-estilismo\/","title":{"rendered":"Cosmetolog\u00eda y Estilismo"},"content":{"rendered":"<h1><a href=\"http:\/\/liceocaguas.com\/home2\/wp-content\/uploads\/2012\/06\/featCosmetologia.jpg\"><img loading=\"lazy\" decoding=\"async\" class=\"alignnone size-full wp-image-97\" title=\"featCosmetologia\" src=\"http:\/\/liceocaguas.com\/home2\/wp-content\/uploads\/2012\/06\/featCosmetologia.jpg\" alt=\"\" width=\"540\" height=\"162\" srcset=\"http:\/\/liceocaguas.com\/home2\/wp-content\/uploads\/2012\/06\/featCosmetologia.jpg 540w, http:\/\/liceocaguas.com\/home2\/wp-content\/uploads\/2012\/06\/featCosmetologia-300x90.jpg 300w\" sizes=\"auto, (max-width: 540px) 100vw, 540px\" \/><\/a><\/h1>\n<p style=\"text-align: justify;\">Una carrera en el campo de la belleza te abre las puertas a un mundo de posibilidades tanto laborales como econ\u00f3micas, ya sea trabajando en salones de belleza o tiendas por departamentos, como estableciendo tu propio negocio. La carrera incluye:<\/p>\n<p style=\"padding-left: 30px;\">T\u00e9cnicas y Procedimientos de Corte y Estilos de Peinados<br \/>\nQu\u00edmicos, Alisados y Permanentes<br \/>\nFaciales<br \/>\nAplicaci\u00f3n de Maquillaje<br \/>\nManicura y Pedicura<br \/>\nT\u00e9cnicas de Color y Decoloraci\u00f3n<br \/>\nAdministraci\u00f3n de Sal\u00f3n de Belleza<br \/>\nTratamientos al Cabello con Keratina<br \/>\nRepaso de Rev\u00e1lida (Te\u00f3rico y Pr\u00e1ctico)<\/p>\n<p>Total de Cr\u00e9ditos: 37<br \/>\nDuraci\u00f3n Aproximada: 12 meses<\/p>\n<table border=\"0\" width=\"1\" cellspacing=\"0\" cellpadding=\"0\">\n<tbody>\n<tr>\n<td bgcolor=\"#CCCCCC\">Oportunidades de empleo relacionados<\/td>\n<td bgcolor=\"#CCCCCC\">SOC Code<\/td>\n<td bgcolor=\"#CCCCCC\">Departamento del Trabajo<\/td>\n<\/tr>\n<tr>\n<td>Peluquer\u00edas, Peluquer\u00eda, Cosmetolog\u00eda<\/td>\n<td>39-5012.00<\/td>\n<td><a href=\"http:\/\/www.onetonline.org\/link\/summary\/39-5012.00\">http:\/\/www.onetonline.org\/link\/summary\/39-5012.00<\/a><\/td>\n<\/tr>\n<tr>\n<td>Maquillaje Artistas, Teatro y Performance<\/td>\n<td>39- 5091.00<\/td>\n<td><a href=\"http:\/\/www.onetonline.org\/link\/summary\/39-5091.00\">http:\/\/www.onetonline.org\/link\/summary\/39-5091.00<\/a><\/td>\n<\/tr>\n<tr>\n<td>Manicuristas y Pedicuristas<\/td>\n<td>39-5092.00<\/td>\n<td><a href=\"http:\/\/www.onetonline.org\/link\/summary\/39-5092.00\">http:\/\/www.onetonline.org\/link\/summary\/39-5092.00<\/a><\/td>\n<\/tr>\n<tr>\n<td>Especialista en Cuidado de la Piel<\/td>\n<td>39-5094.00<\/td>\n<td><a href=\"http:\/\/www.onetonline.org\/link\/summary\/39-5094.00\">http:\/\/www.onetonline.org\/link\/summary\/39-5094.00<\/a><\/td>\n<\/tr>\n<\/tbody>\n<\/table>\n<p>Requisitos de Licencia Profesional:<\/p>\n<ul>\n<li>Este programa de estudio <strong><em>requiere<\/em><\/strong> de una licencia profesional para poder ejercer en: Puerto Rico<\/li>\n<li>El programa de estudios cumple con los requisitos acad\u00e9micos para obtener la licencia profesional en: Puerto Rico<\/li>\n<\/ul>\n","protected":false},"excerpt":{"rendered":"<p>Una carrera en el campo de la belleza te abre las puertas a un mundo de posibilidades tanto laborales como econ\u00f3micas, ya sea trabajando en salones de belleza o tiendas &hellip; <a href=\"http:\/\/liceocaguas.com\/home2\/cosmetologia-y-estilismo\/\">Continue reading <span class=\"meta-nav\"><\/span><\/a><\/p>\n","protected":false},"author":1,"featured_media":0,"parent":0,"menu_order":0,"comment_status":"open","ping_status":"open","template":"full-page.php","meta":{"om_disable_all_campaigns":false,"_monsterinsights_skip_tracking":false,"_monsterinsights_sitenote_active":false,"_monsterinsights_sitenote_note":"","_monsterinsights_sitenote_category":0,"footnotes":""},"class_list":["post-17","page","type-page","status-publish","hentry"],"aioseo_notices":[],"jetpack_sharing_enabled":true,"_links":{"self":[{"href":"http:\/\/liceocaguas.com\/home2\/wp-json\/wp\/v2\/pages\/17","targetHints":{"allow":["GET"]}}],"collection":[{"href":"http:\/\/liceocaguas.com\/home2\/wp-json\/wp\/v2\/pages"}],"about":[{"href":"http:\/\/liceocaguas.com\/home2\/wp-json\/wp\/v2\/types\/page"}],"author":[{"embeddable":true,"href":"http:\/\/liceocaguas.com\/home2\/wp-json\/wp\/v2\/users\/1"}],"replies":[{"embeddable":true,"href":"http:\/\/liceocaguas.com\/home2\/wp-json\/wp\/v2\/comments?post=17"}],"version-history":[{"count":39,"href":"http:\/\/liceocaguas.com\/home2\/wp-json\/wp\/v2\/pages\/17\/revisions"}],"predecessor-version":[{"id":4367,"href":"http:\/\/liceocaguas.com\/home2\/wp-json\/wp\/v2\/pages\/17\/revisions\/4367"}],"wp:attachment":[{"href":"http:\/\/liceocaguas.com\/home2\/wp-json\/wp\/v2\/media?parent=17"}],"curies":[{"name":"wp","href":"https:\/\/api.w.org\/{rel}","templated":true}]}}